{"id":938,"date":"2020-07-15T10:04:13","date_gmt":"2020-07-15T08:04:13","guid":{"rendered":"https:\/\/federec-partenaires.com\/?page_id=938"},"modified":"2022-10-14T09:38:05","modified_gmt":"2022-10-14T07:38:05","slug":"sgs","status":"publish","type":"page","link":"https:\/\/federec-partenaires.com\/index.php\/sgs\/","title":{"rendered":"SGS"},"content":{"rendered":"\t\t<div data-elementor-type=\"wp-page\" data-elementor-id=\"938\" class=\"elementor elementor-938\">\n\t\t\t\t\t\t<div class=\"elementor-inner\">\n\t\t\t\t<div class=\"elementor-section-wrap\">\n\t\t\t\t\t\t\t\t\t<section class=\"elementor-section elementor-top-section elementor-element elementor-element-146f593 elementor-section-boxed elementor-section-height-default elementor-section-height-default\" data-id=\"146f593\" data-element_type=\"section\">\n\t\t\t\t\t\t<div class=\"elementor-container elementor-column-gap-default\">\n\t\t\t\t\t\t\t<div class=\"elementor-row\">\n\t\t\t\t\t<div class=\"elementor-column elementor-col-100 elementor-top-column elementor-element elementor-element-a66f32e\" data-id=\"a66f32e\" data-element_type=\"column\">\n\t\t\t<div class=\"elementor-column-wrap elementor-element-populated\">\n\t\t\t\t\t\t\t<div class=\"elementor-widget-wrap\">\n\t\t\t\t\t\t<div class=\"elementor-element elementor-element-9202a44 elementor-widget elementor-widget-spacer\" data-id=\"9202a44\" data-element_type=\"widget\" data-widget_type=\"spacer.default\">\n\t\t\t\t<div class=\"elementor-widget-container\">\n\t\t\t\t\t<div class=\"elementor-spacer\">\n\t\t\t<div class=\"elementor-spacer-inner\"><\/div>\n\t\t<\/div>\n\t\t\t\t<\/div>\n\t\t\t\t<\/div>\n\t\t\t\t\t\t<\/div>\n\t\t\t\t\t<\/div>\n\t\t<\/div>\n\t\t\t\t\t\t\t\t<\/div>\n\t\t\t\t\t<\/div>\n\t\t<\/section>\n\t\t\t\t<section class=\"elementor-section elementor-top-section elementor-element elementor-element-6b9ed28 elementor-section-boxed elementor-section-height-default elementor-section-height-default\" data-id=\"6b9ed28\" data-element_type=\"section\">\n\t\t\t\t\t\t<div class=\"elementor-container elementor-column-gap-default\">\n\t\t\t\t\t\t\t<div class=\"elementor-row\">\n\t\t\t\t\t<div class=\"elementor-column elementor-col-50 elementor-top-column elementor-element elementor-element-da96ae4\" data-id=\"da96ae4\" data-element_type=\"column\">\n\t\t\t<div class=\"elementor-column-wrap elementor-element-populated\">\n\t\t\t\t\t\t\t<div class=\"elementor-widget-wrap\">\n\t\t\t\t\t\t<div class=\"elementor-element elementor-element-5ac4222 elementor-widget elementor-widget-image\" data-id=\"5ac4222\" data-element_type=\"widget\" data-widget_type=\"image.default\">\n\t\t\t\t<div class=\"elementor-widget-container\">\n\t\t\t\t\t\t\t\t<div class=\"elementor-image\">\n\t\t\t\t\t\t\t\t\t\t\t\t<img loading=\"lazy\" decoding=\"async\" width=\"800\" height=\"420\" src=\"https:\/\/federec-partenaires.com\/wp-content\/uploads\/2020\/07\/og-image-logo-1024x538.png\" class=\"attachment-large size-large wp-image-939\" alt=\"\" srcset=\"https:\/\/federec-partenaires.com\/wp-content\/uploads\/2020\/07\/og-image-logo-1024x538.png 1024w, https:\/\/federec-partenaires.com\/wp-content\/uploads\/2020\/07\/og-image-logo-300x158.png 300w, https:\/\/federec-partenaires.com\/wp-content\/uploads\/2020\/07\/og-image-logo-768x403.png 768w, https:\/\/federec-partenaires.com\/wp-content\/uploads\/2020\/07\/og-image-logo.png 1200w\" sizes=\"auto, (max-width: 800px) 100vw, 800px\" \/>\t\t\t\t\t\t\t\t\t\t\t\t\t\t<\/div>\n\t\t\t\t\t\t<\/div>\n\t\t\t\t<\/div>\n\t\t\t\t<div class=\"elementor-element elementor-element-c6fce2f elementor-widget elementor-widget-text-editor\" data-id=\"c6fce2f\" data-element_type=\"widget\" data-widget_type=\"text-editor.default\">\n\t\t\t\t<div class=\"elementor-widget-container\">\n\t\t\t\t\t\t\t\t<div class=\"elementor-text-editor elementor-clearfix\">\n\t\t\t\t<p>Nous sommes<strong> SGS<\/strong>, le leader mondial du testing, de l\u2019inspection et de la certification. Nous sommes reconnus comme la r\u00e9f\u00e9rence mondiale en termes de qualit\u00e9 et d\u2019int\u00e9grit\u00e9. Nous employons plus de 96 000 collaborateurs et exploitons un r\u00e9seau de plus de 2 700 bureaux et laboratoires \u00e0 travers le monde qui travaillent pour permettre un monde meilleur, plus s\u00fbr et plus interconnect\u00e9.<\/p><p>De par notre <strong>r\u00f4le de tierce partie <\/strong>dans les m\u00e9tiers du test, de l\u2019inspection et de la certification, nous contribuons depuis notre origine \u00e0 construire et d\u00e9velopper de la confiance entre les partenaires commerciaux. Nos expertises et conseils fiabilisent les activit\u00e9s de nos clients tout en am\u00e9liorant leurs impacts sociaux et environnementaux. Chez SGS, nous contribuons \u00e0 cr\u00e9er un monde plus responsable, car nous g\u00e9n\u00e9rons de la valeur \u00e9conomique, sociale et environnementale pour la Soci\u00e9t\u00e9.<\/p><p>Reconnue comme la r\u00e9f\u00e9rence en termes de qualit\u00e9 et d\u2019int\u00e9grit\u00e9, SGS emploie 97 000 collaborateurs, et exploite un r\u00e9seau de plus de 2\u00a0600 bureaux et laboratoires \u00e0 travers le monde. En France, SGS compte aujourd\u2019hui 2 800 personnes r\u00e9parties dans plus de 120 bureaux et centres de contr\u00f4les, et 33 laboratoires.<\/p><p>Nos services se d\u00e9clinent tout au long des cha\u00eenes d\u2019approvisionnement et concernent de nombreux secteurs. Dans le cadre de la valorisation et du recyclage, nous aidons nos clients \u00e0 g\u00e9rer de fa\u00e7on durable leurs d\u00e9chets et les risques environnementaux. Qu\u2019il s\u2019agisse de bois, d\u00e9chets issus du BTP, DEEE, huiles usag\u00e9es, mati\u00e8res plastiques, m\u00e9taux, papiers, pneus usag\u00e9s, v\u00e9hicules hors d\u2019usage&#8230; \u00c0 chaque \u00e9tape de la cha\u00eene de valeur, SGS vous accompagne dans votre d\u00e9marche de valorisation et de recyclage de vos d\u00e9chets, qu\u2019ils soient banals, sp\u00e9cifiques ou dangereux.<\/p><p>A travers une offre globale, nos experts vous assistent et vous conseillent :<\/p><ul><li>Caract\u00e9risation, classification et valorisation des d\u00e9chets<\/li><li>Sortie de statut d\u00e9chet<\/li><li>V\u00e9rification de la conformit\u00e9 de vos installations<\/li><li>Certification de votre organisation et de vos prestations (Qualicert)<\/li><li>Formation et surveillance de l\u2019exposition de votre personnel<\/li><\/ul><p>Au-del\u00e0 des services que nous proposons \u00e0 nos clients, nous sommes fiers d\u2019\u00eatre nous-m\u00eames tr\u00e8s engag\u00e9s en mati\u00e8re de d\u00e9veloppement durable, notre d\u00e9marche a commenc\u00e9 d\u00e8s 2009 . En France, notre d\u00e9marche RSE s&rsquo;appuie sur 3 axes et 12 enjeux faisant \u00e9cho \u00e0 la strat\u00e9gie d\u2019entreprise afin de cr\u00e9er de la valeur partag\u00e9e et d\u00e9velopper la confiance avec les parties prenantes. Le premier axe &lsquo;Exercer son activit\u00e9 avec Ethique et responsabilit\u00e9&rsquo; porte sur le renforcement de l\u2019int\u00e9gration de la RSE \u00e0 nos pratiques professionnelles, l\u2019\u00e9thique des affaires, les achats durables ou encore la r\u00e9duction de notre empreinte environnementale. Le deuxi\u00e8me axe &lsquo;Contribuer \u00e0 la performance globale de nos clients&rsquo; porte sur le d\u00e9veloppement d\u2019offres responsables qu\u2019elles soient d\u00e9j\u00e0 existantes ou nouvelles. Le troisi\u00e8me axe &lsquo;R\u00e9ussir avec des \u00e9quipes professionnelles et engag\u00e9es&rsquo; porte sur le volet RH, et les enjeux sant\u00e9-s\u00e9curit\u00e9, qualit\u00e9 de vie au travail, et d\u00e9veloppement des comp\u00e9tences. Il comprend \u00e9galement les actions soci\u00e9tales du Groupe SGS France, avec notamment le m\u00e9c\u00e9nat et le b\u00e9n\u00e9volat.<\/p><p><strong>T\u00e9l\u00e9chargez le livre blanc SGS \u00ab\u00a0Economie circulaire, des leviers d&rsquo;action pour une transformation durable\u00a0\u00bb, en cliquant sur l&rsquo;image suivante :<\/strong><\/p>\t\t\t\t\t<\/div>\n\t\t\t\t\t\t<\/div>\n\t\t\t\t<\/div>\n\t\t\t\t<div class=\"elementor-element elementor-element-644c091 elementor-widget elementor-widget-image\" data-id=\"644c091\" data-element_type=\"widget\" data-widget_type=\"image.default\">\n\t\t\t\t<div class=\"elementor-widget-container\">\n\t\t\t\t\t\t\t\t<div class=\"elementor-image\">\n\t\t\t\t\t\t\t\t\t<figure class=\"wp-caption\">\n\t\t\t\t\t\t\t\t\t\t\t<a href=\"https:\/\/bit.ly\/3rwUuJk\">\n\t\t\t\t\t\t\t<img loading=\"lazy\" decoding=\"async\" width=\"538\" height=\"399\" src=\"https:\/\/federec-partenaires.com\/wp-content\/uploads\/2022\/02\/Capture-decran-2022-02-08-a-10.15.56.png\" class=\"attachment-large size-large wp-image-2209\" alt=\"Livre blanc SGS\" srcset=\"https:\/\/federec-partenaires.com\/wp-content\/uploads\/2022\/02\/Capture-decran-2022-02-08-a-10.15.56.png 538w, https:\/\/federec-partenaires.com\/wp-content\/uploads\/2022\/02\/Capture-decran-2022-02-08-a-10.15.56-300x222.png 300w\" sizes=\"auto, (max-width: 538px) 100vw, 538px\" \/>\t\t\t\t\t\t\t\t<\/a>\n\t\t\t\t\t\t\t\t\t\t\t<figcaption class=\"widget-image-caption wp-caption-text\"><\/figcaption>\n\t\t\t\t\t\t\t\t\t\t<\/figure>\n\t\t\t\t\t\t\t\t<\/div>\n\t\t\t\t\t\t<\/div>\n\t\t\t\t<\/div>\n\t\t\t\t<div class=\"elementor-element elementor-element-935d6d4 elementor-widget elementor-widget-heading\" data-id=\"935d6d4\" data-element_type=\"widget\" data-widget_type=\"heading.default\">\n\t\t\t\t<div class=\"elementor-widget-container\">\n\t\t\t<h2 class=\"elementor-heading-title elementor-size-default\">Plus d'informations<\/h2>\t\t<\/div>\n\t\t\t\t<\/div>\n\t\t\t\t<div class=\"elementor-element elementor-element-8f18e92 elementor-widget elementor-widget-text-editor\" data-id=\"8f18e92\" data-element_type=\"widget\" data-widget_type=\"text-editor.default\">\n\t\t\t\t<div class=\"elementor-widget-container\">\n\t\t\t\t\t\t\t\t<div class=\"elementor-text-editor elementor-clearfix\">\n\t\t\t\t<p style=\"text-align: center;\">Site internet :\u00a0<strong><a href=\"http:\/\/www.sgsgroup.fr\/\" target=\"_blank\" rel=\"noopener\">www.sgsgroup.fr<\/a><\/strong><\/p><p style=\"text-align: center;\"><span style=\"text-decoration: underline;\"><strong>Contact<\/strong><\/span> :<\/p><p style=\"text-align: center;\">Philippe FUSILLER\u00a0<\/p><p style=\"text-align: center;\"><em>Directeur des relations institutionnelles<\/em><\/p><p style=\"text-align: center;\">Mail : <a title=\"mailto:Philippe.Fusiller@sgs.com\" contenteditable=\"false\" href=\"mailto:Philippe.Fusiller@sgs.com\">Philippe.Fusiller@sgs.com<\/a><\/p><p style=\"text-align: center;\">T\u00e9l\u00e9phone : 01 41 24 88 88<\/p><p style=\"text-align: center;\">Portable : 06 03 32 47 22<\/p>\t\t\t\t\t<\/div>\n\t\t\t\t\t\t<\/div>\n\t\t\t\t<\/div>\n\t\t\t\t<div class=\"elementor-element elementor-element-bc047dd elementor-shape-rounded elementor-grid-0 e-grid-align-center elementor-widget elementor-widget-social-icons\" data-id=\"bc047dd\" data-element_type=\"widget\" data-widget_type=\"social-icons.default\">\n\t\t\t\t<div class=\"elementor-widget-container\">\n\t\t\t\t\t<div class=\"elementor-social-icons-wrapper elementor-grid\">\n\t\t\t\t\t\t\t<span class=\"elementor-grid-item\">\n\t\t\t\t\t<a class=\"elementor-icon elementor-social-icon elementor-social-icon-linkedin elementor-repeater-item-3d7bb43\" href=\"https:\/\/www.linkedin.com\/company\/sgs\/\" target=\"_blank\">\n\t\t\t\t\t\t<span class=\"elementor-screen-only\">Linkedin<\/span>\n\t\t\t\t\t\t<i class=\"fab fa-linkedin\"><\/i>\t\t\t\t\t<\/a>\n\t\t\t\t<\/span>\n\t\t\t\t\t\t\t<span class=\"elementor-grid-item\">\n\t\t\t\t\t<a class=\"elementor-icon elementor-social-icon elementor-social-icon-twitter elementor-repeater-item-2fdb035\" href=\"https:\/\/twitter.com\/SGSFrance?lang=fr\" target=\"_blank\">\n\t\t\t\t\t\t<span class=\"elementor-screen-only\">Twitter<\/span>\n\t\t\t\t\t\t<i class=\"fab fa-twitter\"><\/i>\t\t\t\t\t<\/a>\n\t\t\t\t<\/span>\n\t\t\t\t\t\t\t<span class=\"elementor-grid-item\">\n\t\t\t\t\t<a class=\"elementor-icon elementor-social-icon elementor-social-icon-youtube elementor-repeater-item-f9dad7d\" href=\"https:\/\/www.youtube.com\/user\/sgseditor\/videos\" target=\"_blank\">\n\t\t\t\t\t\t<span class=\"elementor-screen-only\">Youtube<\/span>\n\t\t\t\t\t\t<i class=\"fab fa-youtube\"><\/i>\t\t\t\t\t<\/a>\n\t\t\t\t<\/span>\n\t\t\t\t\t<\/div>\n\t\t\t\t<\/div>\n\t\t\t\t<\/div>\n\t\t\t\t\t\t<\/div>\n\t\t\t\t\t<\/div>\n\t\t<\/div>\n\t\t\t\t<div class=\"elementor-column elementor-col-50 elementor-top-column elementor-element elementor-element-11a48b7\" data-id=\"11a48b7\" data-element_type=\"column\">\n\t\t\t<div class=\"elementor-column-wrap elementor-element-populated\">\n\t\t\t\t\t\t\t<div class=\"elementor-widget-wrap\">\n\t\t\t\t\t\t<div class=\"elementor-element elementor-element-87e92f4 elementor-widget elementor-widget-video\" data-id=\"87e92f4\" data-element_type=\"widget\" data-settings=\"{&quot;youtube_url&quot;:&quot;https:\\\/\\\/www.youtube.com\\\/watch?v=UiXSo6lxrtc&amp;list=PL_Gw6gs0ZXVH8R569JwI8hXCxU5doZevy&amp;index=4&amp;t=0s&quot;,&quot;video_type&quot;:&quot;youtube&quot;,&quot;controls&quot;:&quot;yes&quot;}\" data-widget_type=\"video.default\">\n\t\t\t\t<div class=\"elementor-widget-container\">\n\t\t\t\t\t<div class=\"elementor-wrapper elementor-open-inline\">\n\t\t\t<div class=\"elementor-video\"><\/div>\t\t<\/div>\n\t\t\t\t<\/div>\n\t\t\t\t<\/div>\n\t\t\t\t<div class=\"elementor-element elementor-element-a0e2aca elementor-widget elementor-widget-image-carousel\" data-id=\"a0e2aca\" data-element_type=\"widget\" data-settings=\"{&quot;slides_to_show&quot;:&quot;1&quot;,&quot;navigation&quot;:&quot;none&quot;,&quot;autoplay&quot;:&quot;yes&quot;,&quot;pause_on_hover&quot;:&quot;yes&quot;,&quot;pause_on_interaction&quot;:&quot;yes&quot;,&quot;autoplay_speed&quot;:5000,&quot;infinite&quot;:&quot;yes&quot;,&quot;effect&quot;:&quot;slide&quot;,&quot;speed&quot;:500}\" data-widget_type=\"image-carousel.default\">\n\t\t\t\t<div class=\"elementor-widget-container\">\n\t\t\t\t\t<div class=\"elementor-image-carousel-wrapper swiper-container\" dir=\"ltr\">\n\t\t\t<div class=\"elementor-image-carousel swiper-wrapper\">\n\t\t\t\t\t\t\t\t<div class=\"swiper-slide\"><figure class=\"swiper-slide-inner\"><img decoding=\"async\" class=\"swiper-slide-image\" src=\"https:\/\/federec-partenaires.com\/wp-content\/uploads\/2022\/02\/Capture-decran-2022-02-08-a-10.27.37-768x431.png\" alt=\"Slide 1\" \/><\/figure><\/div><div class=\"swiper-slide\"><figure class=\"swiper-slide-inner\"><img decoding=\"async\" class=\"swiper-slide-image\" src=\"https:\/\/federec-partenaires.com\/wp-content\/uploads\/2022\/02\/Capture-decran-2022-02-08-a-10.27.45-768x431.png\" alt=\"Slide 2\" \/><\/figure><\/div><div class=\"swiper-slide\"><figure class=\"swiper-slide-inner\"><img decoding=\"async\" class=\"swiper-slide-image\" src=\"https:\/\/federec-partenaires.com\/wp-content\/uploads\/2022\/02\/Capture-decran-2022-02-08-a-10.27.54-768x432.png\" alt=\"Slide 3\" \/><\/figure><\/div><div class=\"swiper-slide\"><figure class=\"swiper-slide-inner\"><img decoding=\"async\" class=\"swiper-slide-image\" src=\"https:\/\/federec-partenaires.com\/wp-content\/uploads\/2022\/02\/Capture-decran-2022-02-08-a-10.28.02-768x431.png\" alt=\"Slide 4\" \/><\/figure><\/div><div class=\"swiper-slide\"><figure class=\"swiper-slide-inner\"><img decoding=\"async\" class=\"swiper-slide-image\" src=\"https:\/\/federec-partenaires.com\/wp-content\/uploads\/2022\/02\/Capture-decran-2022-02-08-a-10.28.10-768x432.png\" alt=\"Slide 5\" \/><\/figure><\/div><div class=\"swiper-slide\"><figure class=\"swiper-slide-inner\"><img decoding=\"async\" class=\"swiper-slide-image\" src=\"https:\/\/federec-partenaires.com\/wp-content\/uploads\/2022\/02\/Capture-decran-2022-02-08-a-10.28.26-768x404.png\" alt=\"Slide 6\" \/><\/figure><\/div>\t\t\t<\/div>\n\t\t\t\t\t\t\t\t\t\t\t\t\t\t\t\t<\/div>\n\t\t\t\t<\/div>\n\t\t\t\t<\/div>\n\t\t\t\t\t\t<\/div>\n\t\t\t\t\t<\/div>\n\t\t<\/div>\n\t\t\t\t\t\t\t\t<\/div>\n\t\t\t\t\t<\/div>\n\t\t<\/section>\n\t\t\t\t\t\t\t\t\t<\/div>\n\t\t\t<\/div>\n\t\t\t\t\t<\/div>\n\t\t","protected":false},"excerpt":{"rendered":"<p>Nous sommes SGS, le leader mondial du testing, de l\u2019inspection et de la certification. Nous sommes reconnus comme la r\u00e9f\u00e9rence mondiale en termes de qualit\u00e9 et d\u2019int\u00e9grit\u00e9. Nous employons plus de 96 000 collaborateurs et exploitons un r\u00e9seau de plus de 2 700 bureaux et laboratoires \u00e0 travers le monde qui travaillent pour permettre un [&hellip;]<\/p>\n","protected":false},"author":1,"featured_media":0,"parent":0,"menu_order":0,"comment_status":"closed","ping_status":"closed","template":"","meta":{"_lmt_disableupdate":"","_lmt_disable":"","footnotes":""},"class_list":["post-938","page","type-page","status-publish","hentry"],"_links":{"self":[{"href":"https:\/\/federec-partenaires.com\/index.php\/wp-json\/wp\/v2\/pages\/938","targetHints":{"allow":["GET"]}}],"collection":[{"href":"https:\/\/federec-partenaires.com\/index.php\/wp-json\/wp\/v2\/pages"}],"about":[{"href":"https:\/\/federec-partenaires.com\/index.php\/wp-json\/wp\/v2\/types\/page"}],"author":[{"embeddable":true,"href":"https:\/\/federec-partenaires.com\/index.php\/wp-json\/wp\/v2\/users\/1"}],"replies":[{"embeddable":true,"href":"https:\/\/federec-partenaires.com\/index.php\/wp-json\/wp\/v2\/comments?post=938"}],"version-history":[{"count":42,"href":"https:\/\/federec-partenaires.com\/index.php\/wp-json\/wp\/v2\/pages\/938\/revisions"}],"predecessor-version":[{"id":2599,"href":"https:\/\/federec-partenaires.com\/index.php\/wp-json\/wp\/v2\/pages\/938\/revisions\/2599"}],"wp:attachment":[{"href":"https:\/\/federec-partenaires.com\/index.php\/wp-json\/wp\/v2\/media?parent=938"}],"curies":[{"name":"wp","href":"https:\/\/api.w.org\/{rel}","templated":true}]}}