{"id":558,"date":"2020-06-29T11:42:13","date_gmt":"2020-06-29T09:42:13","guid":{"rendered":"http:\/\/federec-partenaires.com\/?page_id=558"},"modified":"2022-12-22T11:02:37","modified_gmt":"2022-12-22T10:02:37","slug":"greenflex","status":"publish","type":"page","link":"https:\/\/federec-partenaires.com\/index.php\/greenflex\/","title":{"rendered":"GreenFlex"},"content":{"rendered":"\t\t<div data-elementor-type=\"wp-page\" data-elementor-id=\"558\" class=\"elementor elementor-558\">\n\t\t\t\t\t\t<div class=\"elementor-inner\">\n\t\t\t\t<div class=\"elementor-section-wrap\">\n\t\t\t\t\t\t\t\t\t<section class=\"elementor-section elementor-top-section elementor-element elementor-element-146f593 elementor-section-boxed elementor-section-height-default elementor-section-height-default\" data-id=\"146f593\" data-element_type=\"section\">\n\t\t\t\t\t\t<div class=\"elementor-container elementor-column-gap-default\">\n\t\t\t\t\t\t\t<div class=\"elementor-row\">\n\t\t\t\t\t<div class=\"elementor-column elementor-col-100 elementor-top-column elementor-element elementor-element-a66f32e\" data-id=\"a66f32e\" data-element_type=\"column\">\n\t\t\t<div class=\"elementor-column-wrap elementor-element-populated\">\n\t\t\t\t\t\t\t<div class=\"elementor-widget-wrap\">\n\t\t\t\t\t\t<div class=\"elementor-element elementor-element-9202a44 elementor-widget elementor-widget-spacer\" data-id=\"9202a44\" data-element_type=\"widget\" data-widget_type=\"spacer.default\">\n\t\t\t\t<div class=\"elementor-widget-container\">\n\t\t\t\t\t<div class=\"elementor-spacer\">\n\t\t\t<div class=\"elementor-spacer-inner\"><\/div>\n\t\t<\/div>\n\t\t\t\t<\/div>\n\t\t\t\t<\/div>\n\t\t\t\t\t\t<\/div>\n\t\t\t\t\t<\/div>\n\t\t<\/div>\n\t\t\t\t\t\t\t\t<\/div>\n\t\t\t\t\t<\/div>\n\t\t<\/section>\n\t\t\t\t<section class=\"elementor-section elementor-top-section elementor-element elementor-element-6b9ed28 elementor-section-boxed elementor-section-height-default elementor-section-height-default\" data-id=\"6b9ed28\" data-element_type=\"section\">\n\t\t\t\t\t\t<div class=\"elementor-container elementor-column-gap-default\">\n\t\t\t\t\t\t\t<div class=\"elementor-row\">\n\t\t\t\t\t<div class=\"elementor-column elementor-col-50 elementor-top-column elementor-element elementor-element-da96ae4\" data-id=\"da96ae4\" data-element_type=\"column\">\n\t\t\t<div class=\"elementor-column-wrap elementor-element-populated\">\n\t\t\t\t\t\t\t<div class=\"elementor-widget-wrap\">\n\t\t\t\t\t\t<div class=\"elementor-element elementor-element-5ac4222 elementor-widget elementor-widget-image\" data-id=\"5ac4222\" data-element_type=\"widget\" data-widget_type=\"image.default\">\n\t\t\t\t<div class=\"elementor-widget-container\">\n\t\t\t\t\t\t\t\t<div class=\"elementor-image\">\n\t\t\t\t\t\t\t\t\t\t\t\t<img loading=\"lazy\" decoding=\"async\" width=\"800\" height=\"266\" src=\"https:\/\/federec-partenaires.com\/wp-content\/uploads\/2022\/12\/Logo-GreenFlex-Horizontal-RVB-Couleur-1024x340.png\" class=\"attachment-large size-large wp-image-2611\" alt=\"\" srcset=\"https:\/\/federec-partenaires.com\/wp-content\/uploads\/2022\/12\/Logo-GreenFlex-Horizontal-RVB-Couleur-1024x340.png 1024w, https:\/\/federec-partenaires.com\/wp-content\/uploads\/2022\/12\/Logo-GreenFlex-Horizontal-RVB-Couleur-300x100.png 300w, https:\/\/federec-partenaires.com\/wp-content\/uploads\/2022\/12\/Logo-GreenFlex-Horizontal-RVB-Couleur-768x255.png 768w, https:\/\/federec-partenaires.com\/wp-content\/uploads\/2022\/12\/Logo-GreenFlex-Horizontal-RVB-Couleur-1536x511.png 1536w, https:\/\/federec-partenaires.com\/wp-content\/uploads\/2022\/12\/Logo-GreenFlex-Horizontal-RVB-Couleur-2048x681.png 2048w\" sizes=\"auto, (max-width: 800px) 100vw, 800px\" \/>\t\t\t\t\t\t\t\t\t\t\t\t\t\t<\/div>\n\t\t\t\t\t\t<\/div>\n\t\t\t\t<\/div>\n\t\t\t\t<div class=\"elementor-element elementor-element-c6fce2f elementor-widget elementor-widget-text-editor\" data-id=\"c6fce2f\" data-element_type=\"widget\" data-widget_type=\"text-editor.default\">\n\t\t\t\t<div class=\"elementor-widget-container\">\n\t\t\t\t\t\t\t\t<div class=\"elementor-text-editor elementor-clearfix\">\n\t\t\t\t<p>Depuis 2009, GreenFlex est le partenaire cl\u00e9 du <b>d\u00e9veloppement durable, de la d\u00e9carbonation et de l\u2019efficacit\u00e9 \u00e9nerg\u00e9tique<\/b> des organisations pour leur permettre de changer de trajectoire.<\/p><p><b>Gr\u00e2ce \u00e0 un mod\u00e8le multi-expertise<\/b>, GreenFlex acc\u00e9l\u00e8re la transformation de ses 750 clients et les accompagne de la con<b>ception de leurs feuilles de route jusqu\u2019\u00e0 leur mise en place op\u00e9rationnelle, leur financement et leur pilotage digital dans la dur\u00e9e<\/b>.<\/p><p>GreenFlex compte plus de 500 collaborateurs d\u00e9ploy\u00e9s dans 20 bureaux en Europe.<\/p>\t\t\t\t\t<\/div>\n\t\t\t\t\t\t<\/div>\n\t\t\t\t<\/div>\n\t\t\t\t<div class=\"elementor-element elementor-element-3ecef9d elementor-widget elementor-widget-heading\" data-id=\"3ecef9d\" data-element_type=\"widget\" data-widget_type=\"heading.default\">\n\t\t\t\t<div class=\"elementor-widget-container\">\n\t\t\t<h2 class=\"elementor-heading-title elementor-size-default\">Plus d'informations<\/h2>\t\t<\/div>\n\t\t\t\t<\/div>\n\t\t\t\t<div class=\"elementor-element elementor-element-d24f3f8 elementor-widget elementor-widget-text-editor\" data-id=\"d24f3f8\" data-element_type=\"widget\" data-widget_type=\"text-editor.default\">\n\t\t\t\t<div class=\"elementor-widget-container\">\n\t\t\t\t\t\t\t\t<div class=\"elementor-text-editor elementor-clearfix\">\n\t\t\t\t<p style=\"text-align: center;\">Site internet : <a href=\"http:\/\/www.greenflex.com\">www.greenflex.com<\/a><\/p><p style=\"text-align: center;\"><span style=\"text-decoration: underline;\"><strong>Contact commercial<\/strong><\/span><\/p><p style=\"text-align: center;\">Quentin DELAUNAY<br \/><em>Responsable march\u00e9 industrie | utilities<\/em><\/p><p style=\"text-align: center;\">T\u00e9l\u00e9phone : 06 70 50 78 04<\/p><p style=\"text-align: center;\">E-mail : <a href=\"mailto:qdelaunay@greenflex.com\">qdelaunay@greenflex.com<\/a><\/p>\t\t\t\t\t<\/div>\n\t\t\t\t\t\t<\/div>\n\t\t\t\t<\/div>\n\t\t\t\t<div class=\"elementor-element elementor-element-378178b elementor-shape-rounded elementor-grid-0 e-grid-align-center elementor-widget elementor-widget-social-icons\" data-id=\"378178b\" data-element_type=\"widget\" data-widget_type=\"social-icons.default\">\n\t\t\t\t<div class=\"elementor-widget-container\">\n\t\t\t\t\t<div class=\"elementor-social-icons-wrapper elementor-grid\">\n\t\t\t\t\t\t\t<span class=\"elementor-grid-item\">\n\t\t\t\t\t<a class=\"elementor-icon elementor-social-icon elementor-social-icon-linkedin elementor-repeater-item-28f0c2d\" href=\"https:\/\/www.linkedin.com\/company\/greenflex\/\" target=\"_blank\">\n\t\t\t\t\t\t<span class=\"elementor-screen-only\">Linkedin<\/span>\n\t\t\t\t\t\t<i class=\"fab fa-linkedin\"><\/i>\t\t\t\t\t<\/a>\n\t\t\t\t<\/span>\n\t\t\t\t\t\t\t<span class=\"elementor-grid-item\">\n\t\t\t\t\t<a class=\"elementor-icon elementor-social-icon elementor-social-icon-twitter elementor-repeater-item-109b25b\" href=\"https:\/\/twitter.com\/Greenflex\" target=\"_blank\">\n\t\t\t\t\t\t<span class=\"elementor-screen-only\">Twitter<\/span>\n\t\t\t\t\t\t<i class=\"fab fa-twitter\"><\/i>\t\t\t\t\t<\/a>\n\t\t\t\t<\/span>\n\t\t\t\t\t\t\t<span class=\"elementor-grid-item\">\n\t\t\t\t\t<a class=\"elementor-icon elementor-social-icon elementor-social-icon-youtube elementor-repeater-item-f7df024\" href=\"https:\/\/www.youtube.com\/channel\/UC-7TxaZHOOIbhIyj9PkJ3dw\" target=\"_blank\">\n\t\t\t\t\t\t<span class=\"elementor-screen-only\">Youtube<\/span>\n\t\t\t\t\t\t<i class=\"fab fa-youtube\"><\/i>\t\t\t\t\t<\/a>\n\t\t\t\t<\/span>\n\t\t\t\t\t<\/div>\n\t\t\t\t<\/div>\n\t\t\t\t<\/div>\n\t\t\t\t\t\t<\/div>\n\t\t\t\t\t<\/div>\n\t\t<\/div>\n\t\t\t\t<div class=\"elementor-column elementor-col-50 elementor-top-column elementor-element elementor-element-11a48b7\" data-id=\"11a48b7\" data-element_type=\"column\">\n\t\t\t<div class=\"elementor-column-wrap elementor-element-populated\">\n\t\t\t\t\t\t\t<div class=\"elementor-widget-wrap\">\n\t\t\t\t\t\t<div class=\"elementor-element elementor-element-f375682 elementor-widget elementor-widget-video\" data-id=\"f375682\" data-element_type=\"widget\" data-settings=\"{&quot;youtube_url&quot;:&quot;https:\\\/\\\/www.youtube.com\\\/watch?v=YCwbfOTQun0&amp;ab_channel=GREENFLEX&quot;,&quot;autoplay&quot;:&quot;yes&quot;,&quot;video_type&quot;:&quot;youtube&quot;,&quot;controls&quot;:&quot;yes&quot;}\" data-widget_type=\"video.default\">\n\t\t\t\t<div class=\"elementor-widget-container\">\n\t\t\t\t\t<div class=\"elementor-wrapper elementor-open-inline\">\n\t\t\t<div class=\"elementor-video\"><\/div>\t\t<\/div>\n\t\t\t\t<\/div>\n\t\t\t\t<\/div>\n\t\t\t\t<div class=\"elementor-element elementor-element-4a65115 elementor-widget elementor-widget-image-carousel\" data-id=\"4a65115\" data-element_type=\"widget\" data-settings=\"{&quot;slides_to_show&quot;:&quot;1&quot;,&quot;navigation&quot;:&quot;none&quot;,&quot;autoplay&quot;:&quot;yes&quot;,&quot;pause_on_hover&quot;:&quot;yes&quot;,&quot;pause_on_interaction&quot;:&quot;yes&quot;,&quot;autoplay_speed&quot;:5000,&quot;infinite&quot;:&quot;yes&quot;,&quot;effect&quot;:&quot;slide&quot;,&quot;speed&quot;:500}\" data-widget_type=\"image-carousel.default\">\n\t\t\t\t<div class=\"elementor-widget-container\">\n\t\t\t\t\t<div class=\"elementor-image-carousel-wrapper swiper-container\" dir=\"ltr\">\n\t\t\t<div class=\"elementor-image-carousel swiper-wrapper swiper-image-stretch\">\n\t\t\t\t\t\t\t\t<div class=\"swiper-slide\"><figure class=\"swiper-slide-inner\"><img decoding=\"async\" class=\"swiper-slide-image\" src=\"https:\/\/federec-partenaires.com\/wp-content\/uploads\/2021\/09\/GettyImages-865541112-1-768x512.jpg\" alt=\"Aerial view of Wanaka tree, famous lone tree of South island, New Zealand\" \/><\/figure><\/div>\t\t\t<\/div>\n\t\t\t\t\t<\/div>\n\t\t\t\t<\/div>\n\t\t\t\t<\/div>\n\t\t\t\t\t\t<\/div>\n\t\t\t\t\t<\/div>\n\t\t<\/div>\n\t\t\t\t\t\t\t\t<\/div>\n\t\t\t\t\t<\/div>\n\t\t<\/section>\n\t\t\t\t\t\t\t\t\t<\/div>\n\t\t\t<\/div>\n\t\t\t\t\t<\/div>\n\t\t","protected":false},"excerpt":{"rendered":"<p>Depuis 2009, GreenFlex est le partenaire cl\u00e9 du d\u00e9veloppement durable, de la d\u00e9carbonation et de l\u2019efficacit\u00e9 \u00e9nerg\u00e9tique des organisations pour leur permettre de changer de trajectoire. Gr\u00e2ce \u00e0 un mod\u00e8le multi-expertise, GreenFlex acc\u00e9l\u00e8re la transformation de ses 750 clients et les accompagne de la conception de leurs feuilles de route jusqu\u2019\u00e0 leur mise en place [&hellip;]<\/p>\n","protected":false},"author":1,"featured_media":0,"parent":0,"menu_order":0,"comment_status":"closed","ping_status":"closed","template":"","meta":{"_lmt_disableupdate":"","_lmt_disable":"","footnotes":""},"class_list":["post-558","page","type-page","status-publish","hentry"],"_links":{"self":[{"href":"https:\/\/federec-partenaires.com\/index.php\/wp-json\/wp\/v2\/pages\/558","targetHints":{"allow":["GET"]}}],"collection":[{"href":"https:\/\/federec-partenaires.com\/index.php\/wp-json\/wp\/v2\/pages"}],"about":[{"href":"https:\/\/federec-partenaires.com\/index.php\/wp-json\/wp\/v2\/types\/page"}],"author":[{"embeddable":true,"href":"https:\/\/federec-partenaires.com\/index.php\/wp-json\/wp\/v2\/users\/1"}],"replies":[{"embeddable":true,"href":"https:\/\/federec-partenaires.com\/index.php\/wp-json\/wp\/v2\/comments?post=558"}],"version-history":[{"count":30,"href":"https:\/\/federec-partenaires.com\/index.php\/wp-json\/wp\/v2\/pages\/558\/revisions"}],"predecessor-version":[{"id":2621,"href":"https:\/\/federec-partenaires.com\/index.php\/wp-json\/wp\/v2\/pages\/558\/revisions\/2621"}],"wp:attachment":[{"href":"https:\/\/federec-partenaires.com\/index.php\/wp-json\/wp\/v2\/media?parent=558"}],"curies":[{"name":"wp","href":"https:\/\/api.w.org\/{rel}","templated":true}]}}