{"id":469,"date":"2020-06-25T17:32:04","date_gmt":"2020-06-25T15:32:04","guid":{"rendered":"http:\/\/federec-partenaires.com\/?page_id=469"},"modified":"2020-06-30T12:01:59","modified_gmt":"2020-06-30T10:01:59","slug":"pellenc-st","status":"publish","type":"page","link":"https:\/\/federec-partenaires.com\/index.php\/pellenc-st\/","title":{"rendered":"Pellenc ST"},"content":{"rendered":"\t\t<div data-elementor-type=\"wp-page\" data-elementor-id=\"469\" class=\"elementor elementor-469\">\n\t\t\t\t\t\t<div class=\"elementor-inner\">\n\t\t\t\t<div class=\"elementor-section-wrap\">\n\t\t\t\t\t\t\t\t\t<section class=\"elementor-section elementor-top-section elementor-element elementor-element-146f593 elementor-section-boxed elementor-section-height-default elementor-section-height-default\" data-id=\"146f593\" data-element_type=\"section\">\n\t\t\t\t\t\t<div class=\"elementor-container elementor-column-gap-default\">\n\t\t\t\t\t\t\t<div class=\"elementor-row\">\n\t\t\t\t\t<div class=\"elementor-column elementor-col-100 elementor-top-column elementor-element elementor-element-a66f32e\" data-id=\"a66f32e\" data-element_type=\"column\">\n\t\t\t<div class=\"elementor-column-wrap elementor-element-populated\">\n\t\t\t\t\t\t\t<div class=\"elementor-widget-wrap\">\n\t\t\t\t\t\t<div class=\"elementor-element elementor-element-9202a44 elementor-widget elementor-widget-spacer\" data-id=\"9202a44\" data-element_type=\"widget\" data-widget_type=\"spacer.default\">\n\t\t\t\t<div class=\"elementor-widget-container\">\n\t\t\t\t\t<div class=\"elementor-spacer\">\n\t\t\t<div class=\"elementor-spacer-inner\"><\/div>\n\t\t<\/div>\n\t\t\t\t<\/div>\n\t\t\t\t<\/div>\n\t\t\t\t\t\t<\/div>\n\t\t\t\t\t<\/div>\n\t\t<\/div>\n\t\t\t\t\t\t\t\t<\/div>\n\t\t\t\t\t<\/div>\n\t\t<\/section>\n\t\t\t\t<section class=\"elementor-section elementor-top-section elementor-element elementor-element-6b9ed28 elementor-section-boxed elementor-section-height-default elementor-section-height-default\" data-id=\"6b9ed28\" data-element_type=\"section\">\n\t\t\t\t\t\t<div class=\"elementor-container elementor-column-gap-default\">\n\t\t\t\t\t\t\t<div class=\"elementor-row\">\n\t\t\t\t\t<div class=\"elementor-column elementor-col-50 elementor-top-column elementor-element elementor-element-da96ae4\" data-id=\"da96ae4\" data-element_type=\"column\">\n\t\t\t<div class=\"elementor-column-wrap elementor-element-populated\">\n\t\t\t\t\t\t\t<div class=\"elementor-widget-wrap\">\n\t\t\t\t\t\t<div class=\"elementor-element elementor-element-5ac4222 elementor-widget elementor-widget-image\" data-id=\"5ac4222\" data-element_type=\"widget\" data-widget_type=\"image.default\">\n\t\t\t\t<div class=\"elementor-widget-container\">\n\t\t\t\t\t\t\t\t<div class=\"elementor-image\">\n\t\t\t\t\t\t\t\t\t\t\t\t<img loading=\"lazy\" decoding=\"async\" width=\"768\" height=\"190\" src=\"https:\/\/federec-partenaires.com\/wp-content\/uploads\/2020\/06\/logo-Pellenc-ST-Bleu-transparent-BL-OK-768x190.png\" class=\"attachment-medium_large size-medium_large wp-image-470\" alt=\"\" srcset=\"https:\/\/federec-partenaires.com\/wp-content\/uploads\/2020\/06\/logo-Pellenc-ST-Bleu-transparent-BL-OK-768x190.png 768w, https:\/\/federec-partenaires.com\/wp-content\/uploads\/2020\/06\/logo-Pellenc-ST-Bleu-transparent-BL-OK-300x74.png 300w, https:\/\/federec-partenaires.com\/wp-content\/uploads\/2020\/06\/logo-Pellenc-ST-Bleu-transparent-BL-OK-1024x253.png 1024w, https:\/\/federec-partenaires.com\/wp-content\/uploads\/2020\/06\/logo-Pellenc-ST-Bleu-transparent-BL-OK.png 1318w\" sizes=\"auto, (max-width: 768px) 100vw, 768px\" \/>\t\t\t\t\t\t\t\t\t\t\t\t\t\t<\/div>\n\t\t\t\t\t\t<\/div>\n\t\t\t\t<\/div>\n\t\t\t\t<div class=\"elementor-element elementor-element-c6fce2f elementor-widget elementor-widget-text-editor\" data-id=\"c6fce2f\" data-element_type=\"widget\" data-widget_type=\"text-editor.default\">\n\t\t\t\t<div class=\"elementor-widget-container\">\n\t\t\t\t\t\t\t\t<div class=\"elementor-text-editor elementor-clearfix\">\n\t\t\t\t<p>Pellenc ST con\u00e7oit, produit et commercialise des \u00e9quipements de tri intelligents et connect\u00e9s pour l\u2019industrie du recyclage.<\/p><p>Les flux tri\u00e9s sont issus des march\u00e9s des d\u00e9chets de l\u2019emballage, de l\u2019industrie, de l\u2019\u00e9lectronique, de l\u2019automobile et du b\u00e2timent. Les technologies utilis\u00e9es pour trier ces mat\u00e9riaux sont la spectrom\u00e9trie proche Infrarouge et vision, l\u2019induction et les rayons X. Bas\u00e9s sur des technologies brevet\u00e9es \u00abMade in France\u00bb, l\u2019entreprise est certifi\u00e9e ISO 14001, ISO 18001 et ISO 9001.<\/p><p>Avec plus de 1 800 machines install\u00e9es \u00e0 travers le monde Pellenc ST dispose d\u2019un r\u00e9seau de techniciens sp\u00e9cialement d\u00e9di\u00e9 \u00e0 la satisfaction client. Nos \u00e9quipes commerciales et notre service client portent assistance et expertise \u00e0 tous nos partenaires afin d\u2019optimiser leurs lignes de tri.<\/p><p>Notre service apr\u00e8s-vente r\u00e9pond 24 heures sur 24, 7 jours sur 7 et se d\u00e9place \u00e0 travers le monde afin de garantir un haut niveau de performance et de disponibilit\u00e9.<\/p><p><a href=\"http:\/\/WWW.PELLENCST.COM\">WWW.PELLENCST.COM<\/a><\/p><p><a href=\"mailto:CONTACT@PELLENCST.COM\">CONTACT@PELLENCST.COM<\/a><\/p>\t\t\t\t\t<\/div>\n\t\t\t\t\t\t<\/div>\n\t\t\t\t<\/div>\n\t\t\t\t\t\t<\/div>\n\t\t\t\t\t<\/div>\n\t\t<\/div>\n\t\t\t\t<div class=\"elementor-column elementor-col-50 elementor-top-column elementor-element elementor-element-11a48b7\" data-id=\"11a48b7\" data-element_type=\"column\">\n\t\t\t<div class=\"elementor-column-wrap elementor-element-populated\">\n\t\t\t\t\t\t\t<div class=\"elementor-widget-wrap\">\n\t\t\t\t\t\t<div class=\"elementor-element elementor-element-f375682 elementor-widget elementor-widget-video\" data-id=\"f375682\" data-element_type=\"widget\" data-settings=\"{&quot;youtube_url&quot;:&quot;https:\\\/\\\/www.youtube.com\\\/watch?v=nZnv9XZ8JSY&quot;,&quot;autoplay&quot;:&quot;yes&quot;,&quot;video_type&quot;:&quot;youtube&quot;,&quot;controls&quot;:&quot;yes&quot;}\" data-widget_type=\"video.default\">\n\t\t\t\t<div class=\"elementor-widget-container\">\n\t\t\t\t\t<div class=\"elementor-wrapper elementor-open-inline\">\n\t\t\t<div class=\"elementor-video\"><\/div>\t\t<\/div>\n\t\t\t\t<\/div>\n\t\t\t\t<\/div>\n\t\t\t\t<div class=\"elementor-element elementor-element-4a65115 elementor-arrows-position-inside elementor-widget elementor-widget-image-carousel\" data-id=\"4a65115\" data-element_type=\"widget\" data-settings=\"{&quot;slides_to_show&quot;:&quot;1&quot;,&quot;navigation&quot;:&quot;arrows&quot;,&quot;autoplay&quot;:&quot;yes&quot;,&quot;pause_on_hover&quot;:&quot;yes&quot;,&quot;pause_on_interaction&quot;:&quot;yes&quot;,&quot;autoplay_speed&quot;:5000,&quot;infinite&quot;:&quot;yes&quot;,&quot;effect&quot;:&quot;slide&quot;,&quot;speed&quot;:500}\" data-widget_type=\"image-carousel.default\">\n\t\t\t\t<div class=\"elementor-widget-container\">\n\t\t\t\t\t<div class=\"elementor-image-carousel-wrapper swiper-container\" dir=\"ltr\">\n\t\t\t<div class=\"elementor-image-carousel swiper-wrapper swiper-image-stretch\">\n\t\t\t\t\t\t\t\t<div class=\"swiper-slide\"><figure class=\"swiper-slide-inner\"><img decoding=\"async\" class=\"swiper-slide-image\" src=\"https:\/\/federec-partenaires.com\/wp-content\/uploads\/2020\/06\/te\u0301le\u0301chargement-1.jpeg\" alt=\"te\u0301le\u0301chargement\" \/><\/figure><\/div><div class=\"swiper-slide\"><figure class=\"swiper-slide-inner\"><img decoding=\"async\" class=\"swiper-slide-image\" src=\"https:\/\/federec-partenaires.com\/wp-content\/uploads\/2020\/06\/Pellenc-ST-le-tri-intelligent-et-connecte-pour-l\u2019industrie-du-recyclage-2-of7e7i5swayvtavctpgzeejc6sqkbmcv0uup235uhg.jpg\" alt=\"Pellenc-ST-le-tri-intelligent-et-connecte-pour-l\u2019industrie-du-recyclage-2-of7e7i5swayvtavctpgzeejc6sqkbmcv0uup235uhg\" \/><\/figure><\/div>\t\t\t<\/div>\n\t\t\t\t\t\t\t\t\t\t\t\t\t\t\t\t<div class=\"elementor-swiper-button elementor-swiper-button-prev\">\n\t\t\t\t\t\t<i aria-hidden=\"true\" class=\"eicon-chevron-left\"><\/i>\t\t\t\t\t\t<span class=\"elementor-screen-only\">Pr\u00e9c\u00e9dent<\/span>\n\t\t\t\t\t<\/div>\n\t\t\t\t\t<div class=\"elementor-swiper-button elementor-swiper-button-next\">\n\t\t\t\t\t\t<i aria-hidden=\"true\" class=\"eicon-chevron-right\"><\/i>\t\t\t\t\t\t<span class=\"elementor-screen-only\">Suivant<\/span>\n\t\t\t\t\t<\/div>\n\t\t\t\t\t\t\t\t\t<\/div>\n\t\t\t\t<\/div>\n\t\t\t\t<\/div>\n\t\t\t\t\t\t<\/div>\n\t\t\t\t\t<\/div>\n\t\t<\/div>\n\t\t\t\t\t\t\t\t<\/div>\n\t\t\t\t\t<\/div>\n\t\t<\/section>\n\t\t\t\t\t\t\t\t\t<\/div>\n\t\t\t<\/div>\n\t\t\t\t\t<\/div>\n\t\t","protected":false},"excerpt":{"rendered":"<p>Pellenc ST con\u00e7oit, produit et commercialise des \u00e9quipements de tri intelligents et connect\u00e9s pour l\u2019industrie du recyclage. Les flux tri\u00e9s sont issus des march\u00e9s des d\u00e9chets de l\u2019emballage, de l\u2019industrie, de l\u2019\u00e9lectronique, de l\u2019automobile et du b\u00e2timent. Les technologies utilis\u00e9es pour trier ces mat\u00e9riaux sont la spectrom\u00e9trie proche Infrarouge et vision, l\u2019induction et les rayons [&hellip;]<\/p>\n","protected":false},"author":1,"featured_media":0,"parent":0,"menu_order":0,"comment_status":"closed","ping_status":"closed","template":"","meta":{"_lmt_disableupdate":"","_lmt_disable":"","footnotes":""},"class_list":["post-469","page","type-page","status-publish","hentry"],"_links":{"self":[{"href":"https:\/\/federec-partenaires.com\/index.php\/wp-json\/wp\/v2\/pages\/469","targetHints":{"allow":["GET"]}}],"collection":[{"href":"https:\/\/federec-partenaires.com\/index.php\/wp-json\/wp\/v2\/pages"}],"about":[{"href":"https:\/\/federec-partenaires.com\/index.php\/wp-json\/wp\/v2\/types\/page"}],"author":[{"embeddable":true,"href":"https:\/\/federec-partenaires.com\/index.php\/wp-json\/wp\/v2\/users\/1"}],"replies":[{"embeddable":true,"href":"https:\/\/federec-partenaires.com\/index.php\/wp-json\/wp\/v2\/comments?post=469"}],"version-history":[{"count":5,"href":"https:\/\/federec-partenaires.com\/index.php\/wp-json\/wp\/v2\/pages\/469\/revisions"}],"predecessor-version":[{"id":710,"href":"https:\/\/federec-partenaires.com\/index.php\/wp-json\/wp\/v2\/pages\/469\/revisions\/710"}],"wp:attachment":[{"href":"https:\/\/federec-partenaires.com\/index.php\/wp-json\/wp\/v2\/media?parent=469"}],"curies":[{"name":"wp","href":"https:\/\/api.w.org\/{rel}","templated":true}]}}