{"id":395,"date":"2020-06-25T15:55:16","date_gmt":"2020-06-25T13:55:16","guid":{"rendered":"http:\/\/federec-partenaires.com\/?page_id=395"},"modified":"2022-02-03T14:37:51","modified_gmt":"2022-02-03T13:37:51","slug":"copex","status":"publish","type":"page","link":"https:\/\/federec-partenaires.com\/index.php\/copex\/","title":{"rendered":"Copex"},"content":{"rendered":"\t\t<div data-elementor-type=\"wp-page\" data-elementor-id=\"395\" class=\"elementor elementor-395\">\n\t\t\t\t\t\t<div class=\"elementor-inner\">\n\t\t\t\t<div class=\"elementor-section-wrap\">\n\t\t\t\t\t\t\t\t\t<section class=\"elementor-section elementor-top-section elementor-element elementor-element-146f593 elementor-section-boxed elementor-section-height-default elementor-section-height-default\" data-id=\"146f593\" data-element_type=\"section\">\n\t\t\t\t\t\t<div class=\"elementor-container elementor-column-gap-default\">\n\t\t\t\t\t\t\t<div class=\"elementor-row\">\n\t\t\t\t\t<div class=\"elementor-column elementor-col-100 elementor-top-column elementor-element elementor-element-a66f32e\" data-id=\"a66f32e\" data-element_type=\"column\">\n\t\t\t<div class=\"elementor-column-wrap elementor-element-populated\">\n\t\t\t\t\t\t\t<div class=\"elementor-widget-wrap\">\n\t\t\t\t\t\t<div class=\"elementor-element elementor-element-9202a44 elementor-widget elementor-widget-spacer\" data-id=\"9202a44\" data-element_type=\"widget\" data-widget_type=\"spacer.default\">\n\t\t\t\t<div class=\"elementor-widget-container\">\n\t\t\t\t\t<div class=\"elementor-spacer\">\n\t\t\t<div class=\"elementor-spacer-inner\"><\/div>\n\t\t<\/div>\n\t\t\t\t<\/div>\n\t\t\t\t<\/div>\n\t\t\t\t\t\t<\/div>\n\t\t\t\t\t<\/div>\n\t\t<\/div>\n\t\t\t\t\t\t\t\t<\/div>\n\t\t\t\t\t<\/div>\n\t\t<\/section>\n\t\t\t\t<section class=\"elementor-section elementor-top-section elementor-element elementor-element-6b9ed28 elementor-section-boxed elementor-section-height-default elementor-section-height-default\" data-id=\"6b9ed28\" data-element_type=\"section\">\n\t\t\t\t\t\t<div class=\"elementor-container elementor-column-gap-default\">\n\t\t\t\t\t\t\t<div class=\"elementor-row\">\n\t\t\t\t\t<div class=\"elementor-column elementor-col-50 elementor-top-column elementor-element elementor-element-da96ae4\" data-id=\"da96ae4\" data-element_type=\"column\">\n\t\t\t<div class=\"elementor-column-wrap elementor-element-populated\">\n\t\t\t\t\t\t\t<div class=\"elementor-widget-wrap\">\n\t\t\t\t\t\t<div class=\"elementor-element elementor-element-5ac4222 elementor-widget elementor-widget-image\" data-id=\"5ac4222\" data-element_type=\"widget\" data-widget_type=\"image.default\">\n\t\t\t\t<div class=\"elementor-widget-container\">\n\t\t\t\t\t\t\t\t<div class=\"elementor-image\">\n\t\t\t\t\t\t\t\t\t\t\t\t<img loading=\"lazy\" decoding=\"async\" width=\"800\" height=\"177\" src=\"https:\/\/federec-partenaires.com\/wp-content\/uploads\/2020\/06\/Logo-Copex-2013-quadri_vectoriel-1024x226.png\" class=\"attachment-large size-large wp-image-155\" alt=\"\" srcset=\"https:\/\/federec-partenaires.com\/wp-content\/uploads\/2020\/06\/Logo-Copex-2013-quadri_vectoriel-1024x226.png 1024w, https:\/\/federec-partenaires.com\/wp-content\/uploads\/2020\/06\/Logo-Copex-2013-quadri_vectoriel-300x66.png 300w, https:\/\/federec-partenaires.com\/wp-content\/uploads\/2020\/06\/Logo-Copex-2013-quadri_vectoriel-768x169.png 768w, https:\/\/federec-partenaires.com\/wp-content\/uploads\/2020\/06\/Logo-Copex-2013-quadri_vectoriel-1536x338.png 1536w, https:\/\/federec-partenaires.com\/wp-content\/uploads\/2020\/06\/Logo-Copex-2013-quadri_vectoriel.png 1584w\" sizes=\"auto, (max-width: 800px) 100vw, 800px\" \/>\t\t\t\t\t\t\t\t\t\t\t\t\t\t<\/div>\n\t\t\t\t\t\t<\/div>\n\t\t\t\t<\/div>\n\t\t\t\t<div class=\"elementor-element elementor-element-c6fce2f elementor-widget elementor-widget-text-editor\" data-id=\"c6fce2f\" data-element_type=\"widget\" data-widget_type=\"text-editor.default\">\n\t\t\t\t<div class=\"elementor-widget-container\">\n\t\t\t\t\t\t\t\t<div class=\"elementor-text-editor elementor-clearfix\">\n\t\t\t\t<p>Depuis plus de 70 ans, COPEX con\u00e7oit, fabrique et commercialise des \u00e9quipements performants pour le recyclage et la valorisation de tous types de d\u00e9chets solides.\u00a0<\/p><p>Partenaire privil\u00e9gi\u00e9 des recycleurs de ferrailles et m\u00e9taux, des aci\u00e9ristes et des fondeurs, l\u2019entreprise propose une large gamme de presses et cisailles hydrauliques pour le traitement des d\u00e9chets m\u00e9talliques, m\u00e9taux ferreux et non ferreux.<\/p><p>COPEX est aussi renomm\u00e9e pour ses solutions de compactage innovantes permettant la mise en balles de la quasi-totalit\u00e9 des mat\u00e9riaux compressibles tels que : OMR, DIB, CSR, DEEE, bois \u00e9nergie, fibres v\u00e9g\u00e9tales et textiles, papiers-cartons, aluminium, ferraille l\u00e9g\u00e8re, encombrants\u2026<\/p><p>\u00a0<\/p>\t\t\t\t\t<\/div>\n\t\t\t\t\t\t<\/div>\n\t\t\t\t<\/div>\n\t\t\t\t<div class=\"elementor-element elementor-element-5f8ae6f elementor-widget elementor-widget-heading\" data-id=\"5f8ae6f\" data-element_type=\"widget\" data-widget_type=\"heading.default\">\n\t\t\t\t<div class=\"elementor-widget-container\">\n\t\t\t<h2 class=\"elementor-heading-title elementor-size-default\">Plus d'informations<\/h2>\t\t<\/div>\n\t\t\t\t<\/div>\n\t\t\t\t<div class=\"elementor-element elementor-element-b898720 elementor-widget elementor-widget-text-editor\" data-id=\"b898720\" data-element_type=\"widget\" data-widget_type=\"text-editor.default\">\n\t\t\t\t<div class=\"elementor-widget-container\">\n\t\t\t\t\t\t\t\t<div class=\"elementor-text-editor elementor-clearfix\">\n\t\t\t\t<p style=\"text-align: center;\">Plus d&rsquo;informations :<a href=\"http:\/\/WWW.COPEX.COM\" target=\"_blank\" rel=\"noopener\"> www.copex.com<\/a><\/p><p style=\"text-align: center;\"><span style=\"text-decoration: underline;\"><strong>Contact<\/strong> <\/span>:\u00a0<\/p><p style=\"text-align: center;\">Nicolas BOURBEY &#8211;\u00a0<em>Responsable commercial<\/em><\/p><p style=\"text-align: center;\">Mail : <a href=\"mailto:CONTACT@COPEX.COM\">contact@copex.com<\/a><\/p><p style=\"text-align: center;\">T\u00e9l\u00e9phone : <span class=\"NormalTextRun BCX4 SCXW75417518\">0<\/span><span class=\"NormalTextRun BCX4 SCXW75417518\">2 97 76 26 44<\/span><span class=\"NormalTextRun BCX4 SCXW75417518\">\u00a0<\/span><\/p>\t\t\t\t\t<\/div>\n\t\t\t\t\t\t<\/div>\n\t\t\t\t<\/div>\n\t\t\t\t<div class=\"elementor-element elementor-element-3544afb elementor-widget elementor-widget-heading\" data-id=\"3544afb\" data-element_type=\"widget\" data-widget_type=\"heading.default\">\n\t\t\t\t<div class=\"elementor-widget-container\">\n\t\t\t<h2 class=\"elementor-heading-title elementor-size-default\">T\u00e9moignage sur FEDEREC<\/h2>\t\t<\/div>\n\t\t\t\t<\/div>\n\t\t\t\t<div class=\"elementor-element elementor-element-4232026 elementor-widget elementor-widget-text-editor\" data-id=\"4232026\" data-element_type=\"widget\" data-widget_type=\"text-editor.default\">\n\t\t\t\t<div class=\"elementor-widget-container\">\n\t\t\t\t\t\t\t\t<div class=\"elementor-text-editor elementor-clearfix\">\n\t\t\t\t<p>\u00ab\u00a0<em>FEDEREC est la f\u00e9d\u00e9ration fran\u00e7aise du recyclage, COPEX est un constructeur fran\u00e7ais d\u2019\u00e9quipements et de prestations \u00e0 destination des entreprises du recyclage.<\/em><\/p><p><em>Il \u00e9tait donc normal que pour cette raison g\u00e9ographique nous soyons partenaires de FEDEREC<\/em><\/p><p><em>Au-del\u00e0 de la nation \u00e0 laquelle on appartient , il est indispensable que les clients et leurs fournisseurs puissent \u00e9changer ensemble et une f\u00e9d\u00e9ration comme FEDEREC en est le lieu id\u00e9al.<\/em><\/p><p><em>D\u2019ailleurs, les journ\u00e9es techniques nationales auxquelles nous participons avaient pour principal objet des rencontres entre la direction Achats des entreprises de recyclage et les fournisseurs d\u2019\u00e9quipements.<\/em><\/p><p><em>Raison pour laquelle il faut encourager les initiatives qui rassemblent clients et fournisseurs\u00a0<\/em>\u00bb<\/p>\t\t\t\t\t<\/div>\n\t\t\t\t\t\t<\/div>\n\t\t\t\t<\/div>\n\t\t\t\t\t\t<\/div>\n\t\t\t\t\t<\/div>\n\t\t<\/div>\n\t\t\t\t<div class=\"elementor-column elementor-col-50 elementor-top-column elementor-element elementor-element-11a48b7\" data-id=\"11a48b7\" data-element_type=\"column\">\n\t\t\t<div class=\"elementor-column-wrap elementor-element-populated\">\n\t\t\t\t\t\t\t<div class=\"elementor-widget-wrap\">\n\t\t\t\t\t\t<div class=\"elementor-element elementor-element-f375682 elementor-widget elementor-widget-video\" data-id=\"f375682\" data-element_type=\"widget\" data-settings=\"{&quot;youtube_url&quot;:&quot;https:\\\/\\\/vimeo.com\\\/441035556&quot;,&quot;autoplay&quot;:&quot;yes&quot;,&quot;video_type&quot;:&quot;youtube&quot;,&quot;controls&quot;:&quot;yes&quot;}\" data-widget_type=\"video.default\">\n\t\t\t\t<div class=\"elementor-widget-container\">\n\t\t\t\t\t<div class=\"elementor-wrapper elementor-open-inline\">\n\t\t\t<div class=\"elementor-video\"><\/div>\t\t<\/div>\n\t\t\t\t<\/div>\n\t\t\t\t<\/div>\n\t\t\t\t<div class=\"elementor-element elementor-element-4a65115 elementor-arrows-position-inside elementor-widget elementor-widget-image-carousel\" data-id=\"4a65115\" data-element_type=\"widget\" data-settings=\"{&quot;slides_to_show&quot;:&quot;1&quot;,&quot;navigation&quot;:&quot;arrows&quot;,&quot;autoplay&quot;:&quot;yes&quot;,&quot;pause_on_hover&quot;:&quot;yes&quot;,&quot;pause_on_interaction&quot;:&quot;yes&quot;,&quot;autoplay_speed&quot;:5000,&quot;infinite&quot;:&quot;yes&quot;,&quot;effect&quot;:&quot;slide&quot;,&quot;speed&quot;:500}\" data-widget_type=\"image-carousel.default\">\n\t\t\t\t<div class=\"elementor-widget-container\">\n\t\t\t\t\t<div class=\"elementor-image-carousel-wrapper swiper-container\" dir=\"ltr\">\n\t\t\t<div class=\"elementor-image-carousel swiper-wrapper swiper-image-stretch\">\n\t\t\t\t\t\t\t\t<div class=\"swiper-slide\"><figure class=\"swiper-slide-inner\"><img decoding=\"async\" class=\"swiper-slide-image\" src=\"https:\/\/federec-partenaires.com\/wp-content\/uploads\/2020\/06\/unnamed-1.jpg\" alt=\"unnamed (1)\" \/><\/figure><\/div><div class=\"swiper-slide\"><figure class=\"swiper-slide-inner\"><img decoding=\"async\" class=\"swiper-slide-image\" src=\"https:\/\/federec-partenaires.com\/wp-content\/uploads\/2020\/06\/unnamed-2.jpg\" alt=\"unnamed\" \/><\/figure><\/div><div class=\"swiper-slide\"><figure class=\"swiper-slide-inner\"><img decoding=\"async\" class=\"swiper-slide-image\" src=\"https:\/\/federec-partenaires.com\/wp-content\/uploads\/2020\/07\/Presse-a\u0300-balles_PMM_Comp-2-768x513.jpg\" alt=\"Presse a\u0300 balles_PMM_Comp 2\" \/><\/figure><\/div><div class=\"swiper-slide\"><figure class=\"swiper-slide-inner\"><img decoding=\"async\" class=\"swiper-slide-image\" src=\"https:\/\/federec-partenaires.com\/wp-content\/uploads\/2020\/07\/PMM_Presse-a\u0300-balles-COPEX_comp-1-768x512.jpg\" alt=\"PMM_Presse a\u0300 balles COPEX_comp 1\" \/><\/figure><\/div>\t\t\t<\/div>\n\t\t\t\t\t\t\t\t\t\t\t\t\t\t\t\t<div class=\"elementor-swiper-button elementor-swiper-button-prev\">\n\t\t\t\t\t\t<i aria-hidden=\"true\" class=\"eicon-chevron-left\"><\/i>\t\t\t\t\t\t<span class=\"elementor-screen-only\">Pr\u00e9c\u00e9dent<\/span>\n\t\t\t\t\t<\/div>\n\t\t\t\t\t<div class=\"elementor-swiper-button elementor-swiper-button-next\">\n\t\t\t\t\t\t<i aria-hidden=\"true\" class=\"eicon-chevron-right\"><\/i>\t\t\t\t\t\t<span class=\"elementor-screen-only\">Suivant<\/span>\n\t\t\t\t\t<\/div>\n\t\t\t\t\t\t\t\t\t<\/div>\n\t\t\t\t<\/div>\n\t\t\t\t<\/div>\n\t\t\t\t\t\t<\/div>\n\t\t\t\t\t<\/div>\n\t\t<\/div>\n\t\t\t\t\t\t\t\t<\/div>\n\t\t\t\t\t<\/div>\n\t\t<\/section>\n\t\t\t\t\t\t\t\t\t<\/div>\n\t\t\t<\/div>\n\t\t\t\t\t<\/div>\n\t\t","protected":false},"excerpt":{"rendered":"<p>Depuis plus de 70 ans, COPEX con\u00e7oit, fabrique et commercialise des \u00e9quipements performants pour le recyclage et la valorisation de tous types de d\u00e9chets solides.\u00a0 Partenaire privil\u00e9gi\u00e9 des recycleurs de ferrailles et m\u00e9taux, des aci\u00e9ristes et des fondeurs, l\u2019entreprise propose une large gamme de presses et cisailles hydrauliques pour le traitement des d\u00e9chets m\u00e9talliques, m\u00e9taux [&hellip;]<\/p>\n","protected":false},"author":1,"featured_media":0,"parent":0,"menu_order":0,"comment_status":"closed","ping_status":"closed","template":"","meta":{"_lmt_disableupdate":"","_lmt_disable":"","footnotes":""},"class_list":["post-395","page","type-page","status-publish","hentry"],"_links":{"self":[{"href":"https:\/\/federec-partenaires.com\/index.php\/wp-json\/wp\/v2\/pages\/395","targetHints":{"allow":["GET"]}}],"collection":[{"href":"https:\/\/federec-partenaires.com\/index.php\/wp-json\/wp\/v2\/pages"}],"about":[{"href":"https:\/\/federec-partenaires.com\/index.php\/wp-json\/wp\/v2\/types\/page"}],"author":[{"embeddable":true,"href":"https:\/\/federec-partenaires.com\/index.php\/wp-json\/wp\/v2\/users\/1"}],"replies":[{"embeddable":true,"href":"https:\/\/federec-partenaires.com\/index.php\/wp-json\/wp\/v2\/comments?post=395"}],"version-history":[{"count":10,"href":"https:\/\/federec-partenaires.com\/index.php\/wp-json\/wp\/v2\/pages\/395\/revisions"}],"predecessor-version":[{"id":2328,"href":"https:\/\/federec-partenaires.com\/index.php\/wp-json\/wp\/v2\/pages\/395\/revisions\/2328"}],"wp:attachment":[{"href":"https:\/\/federec-partenaires.com\/index.php\/wp-json\/wp\/v2\/media?parent=395"}],"curies":[{"name":"wp","href":"https:\/\/api.w.org\/{rel}","templated":true}]}}