{"id":369,"date":"2020-06-25T15:03:45","date_gmt":"2020-06-25T13:03:45","guid":{"rendered":"http:\/\/federec-partenaires.com\/?page_id=369"},"modified":"2023-01-09T11:38:40","modified_gmt":"2023-01-09T10:38:40","slug":"berthold","status":"publish","type":"page","link":"https:\/\/federec-partenaires.com\/index.php\/berthold\/","title":{"rendered":"Berthold"},"content":{"rendered":"\t\t<div data-elementor-type=\"wp-page\" data-elementor-id=\"369\" class=\"elementor elementor-369\">\n\t\t\t\t\t\t<div class=\"elementor-inner\">\n\t\t\t\t<div class=\"elementor-section-wrap\">\n\t\t\t\t\t\t\t\t\t<section class=\"elementor-section elementor-top-section elementor-element elementor-element-146f593 elementor-section-boxed elementor-section-height-default elementor-section-height-default\" data-id=\"146f593\" data-element_type=\"section\">\n\t\t\t\t\t\t<div class=\"elementor-container elementor-column-gap-default\">\n\t\t\t\t\t\t\t<div class=\"elementor-row\">\n\t\t\t\t\t<div class=\"elementor-column elementor-col-100 elementor-top-column elementor-element elementor-element-a66f32e\" data-id=\"a66f32e\" data-element_type=\"column\">\n\t\t\t<div class=\"elementor-column-wrap elementor-element-populated\">\n\t\t\t\t\t\t\t<div class=\"elementor-widget-wrap\">\n\t\t\t\t\t\t<div class=\"elementor-element elementor-element-9202a44 elementor-widget elementor-widget-spacer\" data-id=\"9202a44\" data-element_type=\"widget\" data-widget_type=\"spacer.default\">\n\t\t\t\t<div class=\"elementor-widget-container\">\n\t\t\t\t\t<div class=\"elementor-spacer\">\n\t\t\t<div class=\"elementor-spacer-inner\"><\/div>\n\t\t<\/div>\n\t\t\t\t<\/div>\n\t\t\t\t<\/div>\n\t\t\t\t\t\t<\/div>\n\t\t\t\t\t<\/div>\n\t\t<\/div>\n\t\t\t\t\t\t\t\t<\/div>\n\t\t\t\t\t<\/div>\n\t\t<\/section>\n\t\t\t\t<section class=\"elementor-section elementor-top-section elementor-element elementor-element-6b9ed28 elementor-section-boxed elementor-section-height-default elementor-section-height-default\" data-id=\"6b9ed28\" data-element_type=\"section\">\n\t\t\t\t\t\t<div class=\"elementor-container elementor-column-gap-default\">\n\t\t\t\t\t\t\t<div class=\"elementor-row\">\n\t\t\t\t\t<div class=\"elementor-column elementor-col-50 elementor-top-column elementor-element elementor-element-da96ae4\" data-id=\"da96ae4\" data-element_type=\"column\">\n\t\t\t<div class=\"elementor-column-wrap elementor-element-populated\">\n\t\t\t\t\t\t\t<div class=\"elementor-widget-wrap\">\n\t\t\t\t\t\t<div class=\"elementor-element elementor-element-5ac4222 elementor-widget elementor-widget-image\" data-id=\"5ac4222\" data-element_type=\"widget\" data-widget_type=\"image.default\">\n\t\t\t\t<div class=\"elementor-widget-container\">\n\t\t\t\t\t\t\t\t<div class=\"elementor-image\">\n\t\t\t\t\t\t\t\t\t\t\t\t<img loading=\"lazy\" decoding=\"async\" width=\"800\" height=\"166\" src=\"https:\/\/federec-partenaires.com\/wp-content\/uploads\/2020\/06\/01_Berthold-Logo-2019-1024x212.jpg\" class=\"attachment-large size-large wp-image-140\" alt=\"\" srcset=\"https:\/\/federec-partenaires.com\/wp-content\/uploads\/2020\/06\/01_Berthold-Logo-2019-1024x212.jpg 1024w, https:\/\/federec-partenaires.com\/wp-content\/uploads\/2020\/06\/01_Berthold-Logo-2019-300x62.jpg 300w, https:\/\/federec-partenaires.com\/wp-content\/uploads\/2020\/06\/01_Berthold-Logo-2019-768x159.jpg 768w, https:\/\/federec-partenaires.com\/wp-content\/uploads\/2020\/06\/01_Berthold-Logo-2019.jpg 1500w\" sizes=\"auto, (max-width: 800px) 100vw, 800px\" \/>\t\t\t\t\t\t\t\t\t\t\t\t\t\t<\/div>\n\t\t\t\t\t\t<\/div>\n\t\t\t\t<\/div>\n\t\t\t\t<div class=\"elementor-element elementor-element-c6fce2f elementor-widget elementor-widget-text-editor\" data-id=\"c6fce2f\" data-element_type=\"widget\" data-widget_type=\"text-editor.default\">\n\t\t\t\t<div class=\"elementor-widget-container\">\n\t\t\t\t\t\t\t\t<div class=\"elementor-text-editor elementor-clearfix\">\n\t\t\t\t<p>La soci\u00e9t\u00e9 BERTHOLD FRANCE SAS bas\u00e9e \u00e0 Thoiry dans les Yvelines regroupe les activit\u00e9s de vente et de service apr\u00e8s-vente.\u00a0<\/p><p>Nous commercialisons des appareils de mesure et d\u2019analyse utilis\u00e9s dans de nombreux proc\u00e9d\u00e9s industriels. En tant que partenaire du recyclage, nous vous proposons :<\/p><p>\u2022 Le portique de d\u00e9tection de la radioactivit\u00e9 GammaScan\u00ae eV4 pour le contr\u00f4le des chargements.<\/p><p>Il y a plus de 20 ans, BERTHOLD a sp\u00e9cialement d\u00e9velopp\u00e9 un syst\u00e8me permettant de contr\u00f4ler la radioactivit\u00e9 dans les chargements de v\u00e9hicule entrant ou sortant de site. Le syst\u00e8me a pour but de d\u00e9tecter les rayonnements gamma \u00e9mis. Nous pouvons \u00e9galement contr\u00f4ler les produits sur bandes transporteuses.<\/p><p>\u2022 Des instruments de comptage et de radioprotection tels que : Radiam\u00e8tre, Dosim\u00e8tre et Spectrom\u00e8tre Portable. <br \/>Berthold vous propose des solutions pour d\u00e9tecter la pr\u00e9sence de sources radioactives. L\u2019identification de la radioactivit\u00e9 est faite par mesure des rayonnements gamma \u00e9mis. Les dosim\u00e8tres\/d\u00e9bitm\u00e8tres de dose de BERTHOLD Technologies, permettent de d\u00e9tecter de mani\u00e8re fiable et rapide toute augmentation du d\u00e9bit de dose afin de prot\u00e9ger le personnel sur le lieu de travail.<\/p><p>\u2022 Des syst\u00e8mes de pr\u00e9vention incendie pour prot\u00e9ger les zones \u00e0 risque telles les broyeurs, les filtres, les aspirations, les convoyeurs et les zones de stockage.<\/p><p>Notre partenaire Firefly\u00ae dispose d\u2019une large gamme de d\u00e9tecteurs et diff\u00e9rentes solutions d\u2019extinction. D\u00e9tection des flammes, d\u2019\u00e9tincelles et de particules chaudes d\u00e8s 250\u00b0C.<\/p>\t\t\t\t\t<\/div>\n\t\t\t\t\t\t<\/div>\n\t\t\t\t<\/div>\n\t\t\t\t<div class=\"elementor-element elementor-element-57f3cce elementor-widget elementor-widget-heading\" data-id=\"57f3cce\" data-element_type=\"widget\" data-widget_type=\"heading.default\">\n\t\t\t\t<div class=\"elementor-widget-container\">\n\t\t\t<h2 class=\"elementor-heading-title elementor-size-default\">Plus d'informations<\/h2>\t\t<\/div>\n\t\t\t\t<\/div>\n\t\t\t\t<div class=\"elementor-element elementor-element-eb43feb elementor-widget elementor-widget-text-editor\" data-id=\"eb43feb\" data-element_type=\"widget\" data-widget_type=\"text-editor.default\">\n\t\t\t\t<div class=\"elementor-widget-container\">\n\t\t\t\t\t\t\t\t<div class=\"elementor-text-editor elementor-clearfix\">\n\t\t\t\t<p style=\"text-align: center;\">Site Internet : <a href=\"http:\/\/www.berthold.fr\/\" target=\"_blank\" rel=\"noopener\">www.berthold.fr<\/a><\/p><p style=\"text-align: center;\"><span style=\"text-decoration: underline;\"><strong>Contact :<\/strong><\/span>\u00a0<\/p><p style=\"text-align: center;\">Mail : berthold-france@berthold.fr<\/p><p style=\"text-align: center;\">T\u00e9l\u00e9phone : 01 34 94 79 00<\/p>\t\t\t\t\t<\/div>\n\t\t\t\t\t\t<\/div>\n\t\t\t\t<\/div>\n\t\t\t\t<div class=\"elementor-element elementor-element-58b8f2f elementor-widget elementor-widget-heading\" data-id=\"58b8f2f\" data-element_type=\"widget\" data-widget_type=\"heading.default\">\n\t\t\t\t<div class=\"elementor-widget-container\">\n\t\t\t<h2 class=\"elementor-heading-title elementor-size-default\">T\u00e9moignage sur FEDEREC<\/h2>\t\t<\/div>\n\t\t\t\t<\/div>\n\t\t\t\t<div class=\"elementor-element elementor-element-fd1adae elementor-widget elementor-widget-text-editor\" data-id=\"fd1adae\" data-element_type=\"widget\" data-widget_type=\"text-editor.default\">\n\t\t\t\t<div class=\"elementor-widget-container\">\n\t\t\t\t\t\t\t\t<div class=\"elementor-text-editor elementor-clearfix\">\n\t\t\t\t<p>\u00ab\u00a0<em>BERTHOLD France SAS est partenaire de FEDEREC depuis plus de 6 ans. L\u2019activit\u00e9 de l\u2019entreprise dans le domaine du recyclage repr\u00e9sente \u00e0 ce jour 25% des ventes de mat\u00e9riels et de prestations de service. Cette \u00e9volution est le r\u00e9sultat d\u2019une collaboration \u00e9troite avec l\u2019industrie du recyclage, avec l\u2019adaptation de nos appareils aux contraintes et aux exigences de ce m\u00e9tier.<\/em><\/p><p><em>Nous souhaitons continuer \u00e0 apporter notre savoir-faire \u00e0 ce secteur industriel en pleine expansion et ainsi faire \u00e9voluer notre collaboration avec FEDEREC.<\/em><\/p><p><em>FEDEREC est un r\u00e9seau d\u2019entreprises de recyclage qui permet \u00e0 ses adh\u00e9rents de b\u00e9n\u00e9ficier d\u2019une expertise, d\u2019un accompagnement adapt\u00e9, mais \u00e9galement de communiquer pour une meilleure visibilit\u00e9.<\/em><\/p><p><em>BERTHOLD est pr\u00e9sent sur chaque \u00e9dition de POLLUTEC dans le village FEDEREC. La soci\u00e9t\u00e9 participe \u00e9galement aux journ\u00e9es partenaires.<\/em><\/p><p><em>Les produits que nous proposons pour l\u2019industrie du recyclage r\u00e9pondent aux contraintes des exploitants en mati\u00e8re de d\u00e9tection de radioactivit\u00e9 dans les d\u00e9chets mais aussi en termes de s\u00e9curit\u00e9 et de pr\u00e9vention incendie avec les syst\u00e8mes de protection install\u00e9s sur les broyeurs ou sur les unit\u00e9s de valorisation.\u00a0\u00bb<\/em><\/p><p>Propos de Jean-Paul FOUCHER, Directeur G\u00e9n\u00e9ral de BERTHOLD France SAS\u00a0\u00bb<\/p>\t\t\t\t\t<\/div>\n\t\t\t\t\t\t<\/div>\n\t\t\t\t<\/div>\n\t\t\t\t\t\t<\/div>\n\t\t\t\t\t<\/div>\n\t\t<\/div>\n\t\t\t\t<div class=\"elementor-column elementor-col-50 elementor-top-column elementor-element elementor-element-11a48b7\" data-id=\"11a48b7\" data-element_type=\"column\">\n\t\t\t<div class=\"elementor-column-wrap elementor-element-populated\">\n\t\t\t\t\t\t\t<div class=\"elementor-widget-wrap\">\n\t\t\t\t\t\t<div class=\"elementor-element elementor-element-f375682 elementor-widget elementor-widget-video\" data-id=\"f375682\" data-element_type=\"widget\" data-settings=\"{&quot;youtube_url&quot;:&quot;https:\\\/\\\/www.youtube.com\\\/watch?v=vCE-5glk-Cg&quot;,&quot;autoplay&quot;:&quot;yes&quot;,&quot;video_type&quot;:&quot;youtube&quot;,&quot;controls&quot;:&quot;yes&quot;}\" data-widget_type=\"video.default\">\n\t\t\t\t<div class=\"elementor-widget-container\">\n\t\t\t\t\t<div class=\"elementor-wrapper elementor-open-inline\">\n\t\t\t<div class=\"elementor-video\"><\/div>\t\t<\/div>\n\t\t\t\t<\/div>\n\t\t\t\t<\/div>\n\t\t\t\t<div class=\"elementor-element elementor-element-4a65115 elementor-arrows-position-inside elementor-widget elementor-widget-image-carousel\" data-id=\"4a65115\" data-element_type=\"widget\" data-settings=\"{&quot;slides_to_show&quot;:&quot;1&quot;,&quot;navigation&quot;:&quot;arrows&quot;,&quot;autoplay&quot;:&quot;yes&quot;,&quot;pause_on_hover&quot;:&quot;yes&quot;,&quot;pause_on_interaction&quot;:&quot;yes&quot;,&quot;autoplay_speed&quot;:5000,&quot;infinite&quot;:&quot;yes&quot;,&quot;effect&quot;:&quot;slide&quot;,&quot;speed&quot;:500}\" data-widget_type=\"image-carousel.default\">\n\t\t\t\t<div class=\"elementor-widget-container\">\n\t\t\t\t\t<div class=\"elementor-image-carousel-wrapper swiper-container\" dir=\"ltr\">\n\t\t\t<div class=\"elementor-image-carousel swiper-wrapper swiper-image-stretch\">\n\t\t\t\t\t\t\t\t<div class=\"swiper-slide\"><figure class=\"swiper-slide-inner\"><img decoding=\"async\" class=\"swiper-slide-image\" src=\"https:\/\/federec-partenaires.com\/wp-content\/uploads\/2020\/08\/GammaScan-24.jpg\" alt=\"GammaScan 24\" \/><\/figure><\/div><div class=\"swiper-slide\"><figure class=\"swiper-slide-inner\"><img decoding=\"async\" class=\"swiper-slide-image\" src=\"https:\/\/federec-partenaires.com\/wp-content\/uploads\/2020\/08\/GammaScan2-768x544.jpg\" alt=\"GammaScan2\" \/><\/figure><\/div><div class=\"swiper-slide\"><figure class=\"swiper-slide-inner\"><img decoding=\"async\" class=\"swiper-slide-image\" src=\"https:\/\/federec-partenaires.com\/wp-content\/uploads\/2023\/01\/Detecteur-sur-convoyeur-768x511.png\" alt=\"De\u0301tecteur sur convoyeur\" \/><\/figure><\/div>\t\t\t<\/div>\n\t\t\t\t\t\t\t\t\t\t\t\t\t\t\t\t<div class=\"elementor-swiper-button elementor-swiper-button-prev\">\n\t\t\t\t\t\t<i aria-hidden=\"true\" class=\"eicon-chevron-left\"><\/i>\t\t\t\t\t\t<span class=\"elementor-screen-only\">Pr\u00e9c\u00e9dent<\/span>\n\t\t\t\t\t<\/div>\n\t\t\t\t\t<div class=\"elementor-swiper-button elementor-swiper-button-next\">\n\t\t\t\t\t\t<i aria-hidden=\"true\" class=\"eicon-chevron-right\"><\/i>\t\t\t\t\t\t<span class=\"elementor-screen-only\">Suivant<\/span>\n\t\t\t\t\t<\/div>\n\t\t\t\t\t\t\t\t\t<\/div>\n\t\t\t\t<\/div>\n\t\t\t\t<\/div>\n\t\t\t\t\t\t<\/div>\n\t\t\t\t\t<\/div>\n\t\t<\/div>\n\t\t\t\t\t\t\t\t<\/div>\n\t\t\t\t\t<\/div>\n\t\t<\/section>\n\t\t\t\t\t\t\t\t\t<\/div>\n\t\t\t<\/div>\n\t\t\t\t\t<\/div>\n\t\t","protected":false},"excerpt":{"rendered":"<p>La soci\u00e9t\u00e9 BERTHOLD FRANCE SAS bas\u00e9e \u00e0 Thoiry dans les Yvelines regroupe les activit\u00e9s de vente et de service apr\u00e8s-vente.\u00a0 Nous commercialisons des appareils de mesure et d\u2019analyse utilis\u00e9s dans de nombreux proc\u00e9d\u00e9s industriels. En tant que partenaire du recyclage, nous vous proposons : \u2022 Le portique de d\u00e9tection de la radioactivit\u00e9 GammaScan\u00ae eV4 pour [&hellip;]<\/p>\n","protected":false},"author":1,"featured_media":0,"parent":0,"menu_order":0,"comment_status":"closed","ping_status":"closed","template":"","meta":{"_lmt_disableupdate":"","_lmt_disable":"","footnotes":""},"class_list":["post-369","page","type-page","status-publish","hentry"],"_links":{"self":[{"href":"https:\/\/federec-partenaires.com\/index.php\/wp-json\/wp\/v2\/pages\/369","targetHints":{"allow":["GET"]}}],"collection":[{"href":"https:\/\/federec-partenaires.com\/index.php\/wp-json\/wp\/v2\/pages"}],"about":[{"href":"https:\/\/federec-partenaires.com\/index.php\/wp-json\/wp\/v2\/types\/page"}],"author":[{"embeddable":true,"href":"https:\/\/federec-partenaires.com\/index.php\/wp-json\/wp\/v2\/users\/1"}],"replies":[{"embeddable":true,"href":"https:\/\/federec-partenaires.com\/index.php\/wp-json\/wp\/v2\/comments?post=369"}],"version-history":[{"count":26,"href":"https:\/\/federec-partenaires.com\/index.php\/wp-json\/wp\/v2\/pages\/369\/revisions"}],"predecessor-version":[{"id":2709,"href":"https:\/\/federec-partenaires.com\/index.php\/wp-json\/wp\/v2\/pages\/369\/revisions\/2709"}],"wp:attachment":[{"href":"https:\/\/federec-partenaires.com\/index.php\/wp-json\/wp\/v2\/media?parent=369"}],"curies":[{"name":"wp","href":"https:\/\/api.w.org\/{rel}","templated":true}]}}