{"id":313,"date":"2020-06-25T11:39:00","date_gmt":"2020-06-25T09:39:00","guid":{"rendered":"http:\/\/federec-partenaires.com\/?page_id=313"},"modified":"2020-06-30T11:58:18","modified_gmt":"2020-06-30T09:58:18","slug":"cell-data","status":"publish","type":"page","link":"https:\/\/federec-partenaires.com\/index.php\/cell-data\/","title":{"rendered":"Cell-Data"},"content":{"rendered":"\t\t<div data-elementor-type=\"wp-page\" data-elementor-id=\"313\" class=\"elementor elementor-313\">\n\t\t\t\t\t\t<div class=\"elementor-inner\">\n\t\t\t\t<div class=\"elementor-section-wrap\">\n\t\t\t\t\t\t\t\t\t<section class=\"elementor-section elementor-top-section elementor-element elementor-element-146f593 elementor-section-boxed elementor-section-height-default elementor-section-height-default\" data-id=\"146f593\" data-element_type=\"section\">\n\t\t\t\t\t\t<div class=\"elementor-container elementor-column-gap-default\">\n\t\t\t\t\t\t\t<div class=\"elementor-row\">\n\t\t\t\t\t<div class=\"elementor-column elementor-col-100 elementor-top-column elementor-element elementor-element-a66f32e\" data-id=\"a66f32e\" data-element_type=\"column\">\n\t\t\t<div class=\"elementor-column-wrap elementor-element-populated\">\n\t\t\t\t\t\t\t<div class=\"elementor-widget-wrap\">\n\t\t\t\t\t\t<div class=\"elementor-element elementor-element-9202a44 elementor-widget elementor-widget-spacer\" data-id=\"9202a44\" data-element_type=\"widget\" data-widget_type=\"spacer.default\">\n\t\t\t\t<div class=\"elementor-widget-container\">\n\t\t\t\t\t<div class=\"elementor-spacer\">\n\t\t\t<div class=\"elementor-spacer-inner\"><\/div>\n\t\t<\/div>\n\t\t\t\t<\/div>\n\t\t\t\t<\/div>\n\t\t\t\t\t\t<\/div>\n\t\t\t\t\t<\/div>\n\t\t<\/div>\n\t\t\t\t\t\t\t\t<\/div>\n\t\t\t\t\t<\/div>\n\t\t<\/section>\n\t\t\t\t<section class=\"elementor-section elementor-top-section elementor-element elementor-element-6b9ed28 elementor-section-boxed elementor-section-height-default elementor-section-height-default\" data-id=\"6b9ed28\" data-element_type=\"section\">\n\t\t\t\t\t\t<div class=\"elementor-container elementor-column-gap-default\">\n\t\t\t\t\t\t\t<div class=\"elementor-row\">\n\t\t\t\t\t<div class=\"elementor-column elementor-col-50 elementor-top-column elementor-element elementor-element-da96ae4\" data-id=\"da96ae4\" data-element_type=\"column\">\n\t\t\t<div class=\"elementor-column-wrap elementor-element-populated\">\n\t\t\t\t\t\t\t<div class=\"elementor-widget-wrap\">\n\t\t\t\t\t\t<div class=\"elementor-element elementor-element-5ac4222 elementor-widget elementor-widget-image\" data-id=\"5ac4222\" data-element_type=\"widget\" data-widget_type=\"image.default\">\n\t\t\t\t<div class=\"elementor-widget-container\">\n\t\t\t\t\t\t\t\t<div class=\"elementor-image\">\n\t\t\t\t\t\t\t\t\t\t\t\t<img loading=\"lazy\" decoding=\"async\" width=\"800\" height=\"215\" src=\"https:\/\/federec-partenaires.com\/wp-content\/uploads\/2020\/06\/Logo_celldata-1024x275.png\" class=\"attachment-large size-large wp-image-153\" alt=\"\" srcset=\"https:\/\/federec-partenaires.com\/wp-content\/uploads\/2020\/06\/Logo_celldata-1024x275.png 1024w, https:\/\/federec-partenaires.com\/wp-content\/uploads\/2020\/06\/Logo_celldata-300x81.png 300w, https:\/\/federec-partenaires.com\/wp-content\/uploads\/2020\/06\/Logo_celldata-768x206.png 768w, https:\/\/federec-partenaires.com\/wp-content\/uploads\/2020\/06\/Logo_celldata-1536x412.png 1536w, https:\/\/federec-partenaires.com\/wp-content\/uploads\/2020\/06\/Logo_celldata-2048x550.png 2048w\" sizes=\"auto, (max-width: 800px) 100vw, 800px\" \/>\t\t\t\t\t\t\t\t\t\t\t\t\t\t<\/div>\n\t\t\t\t\t\t<\/div>\n\t\t\t\t<\/div>\n\t\t\t\t<div class=\"elementor-element elementor-element-c6fce2f elementor-widget elementor-widget-text-editor\" data-id=\"c6fce2f\" data-element_type=\"widget\" data-widget_type=\"text-editor.default\">\n\t\t\t\t<div class=\"elementor-widget-container\">\n\t\t\t\t\t\t\t\t<div class=\"elementor-text-editor elementor-clearfix\">\n\t\t\t\t<p>Depuis 1994, la soci\u00e9t\u00e9 Cell-Data International travaille au niveau mondial dans le secteur des m\u00e9taux en tant que fournisseur de services de cotations du London Metal Exchange, en proposant des prestations et des outils qui r\u00e9pondent aux exigences des fonderies, des entreprises de production et des recycleurs.\u00a0<\/p><p>Avec un r\u00e9seau international de plus 2000 clients en 45 pays, dont plus de 130 clients en France, Cell-Data International est partenaire de plusieurs associations telles que : BIR, FEDEREC, VDM, FER, GREMI, ASSOMET, ASSOFERMET.\u00a0<\/p><p>On propose une gamme de services modulables pour r\u00e9pondre au mieux aux exigences des nos clients et on est disponible \u00e0 \u00e9tudier des combinaisons \u00e0 prix avantageux.\u00a0<\/p><p>On assure une information fiable et compl\u00e8te, une mise \u00e0 jour constante des contenus en plus d\u2019une assistance totale. Par ailleurs, il est possible de tester gratuitement et sans aucun engagement nos services PENDANT DEUX SEMAINES afin de les \u00e9valuer.<\/p><p><a href=\"http:\/\/WWW.CELL-DATA.IT\">WWW.CELL-DATA.IT<\/a><\/p><p><a href=\"mailto:SEGRETERIA@CELL-DATA.IT\">SEGRETERIA@CELL-DATA.IT<\/a><\/p>\t\t\t\t\t<\/div>\n\t\t\t\t\t\t<\/div>\n\t\t\t\t<\/div>\n\t\t\t\t\t\t<\/div>\n\t\t\t\t\t<\/div>\n\t\t<\/div>\n\t\t\t\t<div class=\"elementor-column elementor-col-50 elementor-top-column elementor-element elementor-element-11a48b7\" data-id=\"11a48b7\" data-element_type=\"column\">\n\t\t\t<div class=\"elementor-column-wrap elementor-element-populated\">\n\t\t\t\t\t\t\t<div class=\"elementor-widget-wrap\">\n\t\t\t\t\t\t\t\t<\/div>\n\t\t\t\t\t<\/div>\n\t\t<\/div>\n\t\t\t\t\t\t\t\t<\/div>\n\t\t\t\t\t<\/div>\n\t\t<\/section>\n\t\t\t\t\t\t\t\t\t<\/div>\n\t\t\t<\/div>\n\t\t\t\t\t<\/div>\n\t\t","protected":false},"excerpt":{"rendered":"<p>Depuis 1994, la soci\u00e9t\u00e9 Cell-Data International travaille au niveau mondial dans le secteur des m\u00e9taux en tant que fournisseur de services de cotations du London Metal Exchange, en proposant des prestations et des outils qui r\u00e9pondent aux exigences des fonderies, des entreprises de production et des recycleurs.&nbsp; Avec un r\u00e9seau international de plus 2000 clients [&hellip;]<\/p>\n","protected":false},"author":1,"featured_media":0,"parent":0,"menu_order":0,"comment_status":"closed","ping_status":"closed","template":"","meta":{"_lmt_disableupdate":"","_lmt_disable":"","footnotes":""},"class_list":["post-313","page","type-page","status-publish","hentry"],"_links":{"self":[{"href":"https:\/\/federec-partenaires.com\/index.php\/wp-json\/wp\/v2\/pages\/313","targetHints":{"allow":["GET"]}}],"collection":[{"href":"https:\/\/federec-partenaires.com\/index.php\/wp-json\/wp\/v2\/pages"}],"about":[{"href":"https:\/\/federec-partenaires.com\/index.php\/wp-json\/wp\/v2\/types\/page"}],"author":[{"embeddable":true,"href":"https:\/\/federec-partenaires.com\/index.php\/wp-json\/wp\/v2\/users\/1"}],"replies":[{"embeddable":true,"href":"https:\/\/federec-partenaires.com\/index.php\/wp-json\/wp\/v2\/comments?post=313"}],"version-history":[{"count":2,"href":"https:\/\/federec-partenaires.com\/index.php\/wp-json\/wp\/v2\/pages\/313\/revisions"}],"predecessor-version":[{"id":691,"href":"https:\/\/federec-partenaires.com\/index.php\/wp-json\/wp\/v2\/pages\/313\/revisions\/691"}],"wp:attachment":[{"href":"https:\/\/federec-partenaires.com\/index.php\/wp-json\/wp\/v2\/media?parent=313"}],"curies":[{"name":"wp","href":"https:\/\/api.w.org\/{rel}","templated":true}]}}