{"id":2550,"date":"2022-04-15T12:09:46","date_gmt":"2022-04-15T10:09:46","guid":{"rendered":"https:\/\/federec-partenaires.com\/?page_id=2550"},"modified":"2022-04-15T12:19:11","modified_gmt":"2022-04-15T10:19:11","slug":"kooi","status":"publish","type":"page","link":"https:\/\/federec-partenaires.com\/index.php\/kooi\/","title":{"rendered":"KOOI"},"content":{"rendered":"\t\t<div data-elementor-type=\"wp-page\" data-elementor-id=\"2550\" class=\"elementor elementor-2550\">\n\t\t\t\t\t\t<div class=\"elementor-inner\">\n\t\t\t\t<div class=\"elementor-section-wrap\">\n\t\t\t\t\t\t\t\t\t<section class=\"elementor-section elementor-top-section elementor-element elementor-element-a5801b7 elementor-section-boxed elementor-section-height-default elementor-section-height-default\" data-id=\"a5801b7\" data-element_type=\"section\">\n\t\t\t\t\t\t<div class=\"elementor-container elementor-column-gap-default\">\n\t\t\t\t\t\t\t<div class=\"elementor-row\">\n\t\t\t\t\t<div class=\"elementor-column elementor-col-50 elementor-top-column elementor-element elementor-element-2c5d2fe\" data-id=\"2c5d2fe\" data-element_type=\"column\">\n\t\t\t<div class=\"elementor-column-wrap elementor-element-populated\">\n\t\t\t\t\t\t\t<div class=\"elementor-widget-wrap\">\n\t\t\t\t\t\t<div class=\"elementor-element elementor-element-da41b71 elementor-widget elementor-widget-image\" data-id=\"da41b71\" data-element_type=\"widget\" data-widget_type=\"image.default\">\n\t\t\t\t<div class=\"elementor-widget-container\">\n\t\t\t\t\t\t\t\t<div class=\"elementor-image\">\n\t\t\t\t\t\t\t\t\t\t\t\t\t<a href=\"https:\/\/www.castelis.com\/\">\n\t\t\t\t\t\t\t<img loading=\"lazy\" decoding=\"async\" width=\"200\" height=\"200\" src=\"https:\/\/federec-partenaires.com\/wp-content\/uploads\/2022\/04\/1882_logo_kooi_security.jpeg\" class=\"attachment-1536x1536 size-1536x1536 wp-image-2551\" alt=\"\" srcset=\"https:\/\/federec-partenaires.com\/wp-content\/uploads\/2022\/04\/1882_logo_kooi_security.jpeg 200w, https:\/\/federec-partenaires.com\/wp-content\/uploads\/2022\/04\/1882_logo_kooi_security-150x150.jpeg 150w\" sizes=\"auto, (max-width: 200px) 100vw, 200px\" \/>\t\t\t\t\t\t\t\t<\/a>\n\t\t\t\t\t\t\t\t\t\t\t\t\t\t<\/div>\n\t\t\t\t\t\t<\/div>\n\t\t\t\t<\/div>\n\t\t\t\t<div class=\"elementor-element elementor-element-2bec702 elementor-widget elementor-widget-spacer\" data-id=\"2bec702\" data-element_type=\"widget\" data-widget_type=\"spacer.default\">\n\t\t\t\t<div class=\"elementor-widget-container\">\n\t\t\t\t\t<div class=\"elementor-spacer\">\n\t\t\t<div class=\"elementor-spacer-inner\"><\/div>\n\t\t<\/div>\n\t\t\t\t<\/div>\n\t\t\t\t<\/div>\n\t\t\t\t<div class=\"elementor-element elementor-element-c3750c6 elementor-widget elementor-widget-text-editor\" data-id=\"c3750c6\" data-element_type=\"widget\" data-widget_type=\"text-editor.default\">\n\t\t\t\t<div class=\"elementor-widget-container\">\n\t\t\t\t\t\t\t\t<div class=\"elementor-text-editor elementor-clearfix\">\n\t\t\t\t<p>KOOI Security France assure trois activit\u00e9s :<\/p><ul><li><strong>L&rsquo;UFO<\/strong> (United for observation) : cette solution temporaire de vid\u00e9osurveillance permet une d\u00e9tection pr\u00e9coce \u00a0des intrus sur site par analyse d&rsquo;images. Nous nous adaptons \u00e0 tout type de chantiers.<\/li><li><strong>Le RED<\/strong> (Rising Early Detection) : cette solution nous permet de lutter efficacement et de mani\u00e8re proactive contre les risques d&rsquo;incendie par l&rsquo;analyse d&rsquo;\u00e9l\u00e9vation anormales de temp\u00e9rature sur les sites de recyclage.<\/li><li><strong>Le KAC<\/strong> (KOOI Alarm Center) : nous disposons de notre propre centre de vid\u00e9osurveillance et nous travaillons uniquement avec nos solutions UFO et RED pour conserver un traitement pr\u00e9coce des remont\u00e9es vid\u00e9os. C&rsquo;est ainsi que nos t\u00e9l\u00e9op\u00e9rateurs vont pouvoir appliquer les consignes pr\u00e9d\u00e9termin\u00e9es avec nos clients.<\/li><\/ul>\t\t\t\t\t<\/div>\n\t\t\t\t\t\t<\/div>\n\t\t\t\t<\/div>\n\t\t\t\t<div class=\"elementor-element elementor-element-42c4bdd elementor-widget elementor-widget-heading\" data-id=\"42c4bdd\" data-element_type=\"widget\" data-widget_type=\"heading.default\">\n\t\t\t\t<div class=\"elementor-widget-container\">\n\t\t\t<h2 class=\"elementor-heading-title elementor-size-default\">Plus d'informations<\/h2>\t\t<\/div>\n\t\t\t\t<\/div>\n\t\t\t\t<div class=\"elementor-element elementor-element-40607a2 elementor-widget elementor-widget-text-editor\" data-id=\"40607a2\" data-element_type=\"widget\" data-widget_type=\"text-editor.default\">\n\t\t\t\t<div class=\"elementor-widget-container\">\n\t\t\t\t\t\t\t\t<div class=\"elementor-text-editor elementor-clearfix\">\n\t\t\t\t<p style=\"text-align: center;\">Plus d\u2019informations :<span style=\"color: var( --e-global-color-text ); font-family: var( --e-global-typography-text-font-family ), Sans-serif; font-size: 1rem; background-color: rgba(255, 255, 255, 0);\">\u00a0<a href=\"http:\/\/www.247kooi.fr\">www.247kooi.fr<\/a><\/span><span style=\"text-decoration: underline;\"><strong><br \/><\/strong><\/span><\/p><p style=\"text-align: center;\"><span style=\"text-decoration: underline;\"><strong>Contact <\/strong><\/span><strong>:<\/strong>\u00a0<\/p><p style=\"text-align: center;\">Jean-Philippe CHASSOT &#8211; Commercial<\/p><p style=\"text-align: center;\">Mail : <a href=\"mailto:jp.chassot@247kooi.com\">jp.chassot@247kooi.com<\/a><\/p><p style=\"text-align: center;\"><span style=\"color: transparent; position: absolute; white-space: pre; cursor: text; transform-origin: 0px 0px; text-align: start; background-color: #faf9f8; left: 738.557px; top: 648.378px; font-size: 21.788px; font-family: sans-serif; transform: scaleX(1.11956);\">Email : Vincent Borel<\/span><span style=\"color: transparent; position: absolute; white-space: pre; cursor: text; transform-origin: 0px 0px; text-align: start; background-color: #faf9f8; left: 738.557px; top: 674.449px; font-size: 21.788px; font-family: sans-serif; transform: scaleX(1.06191);\">T\u00e9l\u00e9phone : 06 49 79 18 82<\/span><\/p>\t\t\t\t\t<\/div>\n\t\t\t\t\t\t<\/div>\n\t\t\t\t<\/div>\n\t\t\t\t<div class=\"elementor-element elementor-element-e3dc611 elementor-shape-rounded elementor-grid-0 e-grid-align-center elementor-widget elementor-widget-social-icons\" data-id=\"e3dc611\" data-element_type=\"widget\" data-widget_type=\"social-icons.default\">\n\t\t\t\t<div class=\"elementor-widget-container\">\n\t\t\t\t\t<div class=\"elementor-social-icons-wrapper elementor-grid\">\n\t\t\t\t\t\t\t<span class=\"elementor-grid-item\">\n\t\t\t\t\t<a class=\"elementor-icon elementor-social-icon elementor-social-icon-linkedin elementor-repeater-item-2a04536\" href=\"https:\/\/www.linkedin.com\/company\/kooi-videosurveillance\/\" target=\"_blank\">\n\t\t\t\t\t\t<span class=\"elementor-screen-only\">Linkedin<\/span>\n\t\t\t\t\t\t<i class=\"fab fa-linkedin\"><\/i>\t\t\t\t\t<\/a>\n\t\t\t\t<\/span>\n\t\t\t\t\t\t\t<span class=\"elementor-grid-item\">\n\t\t\t\t\t<a class=\"elementor-icon elementor-social-icon elementor-social-icon-facebook elementor-repeater-item-733c8ab\" href=\"https:\/\/www.facebook.com\/247kooi\" target=\"_blank\">\n\t\t\t\t\t\t<span class=\"elementor-screen-only\">Facebook<\/span>\n\t\t\t\t\t\t<i class=\"fab fa-facebook\"><\/i>\t\t\t\t\t<\/a>\n\t\t\t\t<\/span>\n\t\t\t\t\t\t\t<span class=\"elementor-grid-item\">\n\t\t\t\t\t<a class=\"elementor-icon elementor-social-icon elementor-social-icon-youtube elementor-repeater-item-746b1bb\" href=\"https:\/\/www.youtube.com\/channel\/UCPSxeS520cVBhgaIbi7cCEg\" target=\"_blank\">\n\t\t\t\t\t\t<span class=\"elementor-screen-only\">Youtube<\/span>\n\t\t\t\t\t\t<i class=\"fab fa-youtube\"><\/i>\t\t\t\t\t<\/a>\n\t\t\t\t<\/span>\n\t\t\t\t\t\t\t<span class=\"elementor-grid-item\">\n\t\t\t\t\t<a class=\"elementor-icon elementor-social-icon elementor-social-icon-instagram elementor-repeater-item-a152e00\" href=\"https:\/\/www.instagram.com\/accounts\/login\/?next=\/247kooi\/\" target=\"_blank\">\n\t\t\t\t\t\t<span class=\"elementor-screen-only\">Instagram<\/span>\n\t\t\t\t\t\t<i class=\"fab fa-instagram\"><\/i>\t\t\t\t\t<\/a>\n\t\t\t\t<\/span>\n\t\t\t\t\t<\/div>\n\t\t\t\t<\/div>\n\t\t\t\t<\/div>\n\t\t\t\t\t\t<\/div>\n\t\t\t\t\t<\/div>\n\t\t<\/div>\n\t\t\t\t<div class=\"elementor-column elementor-col-50 elementor-top-column elementor-element elementor-element-9f7273d\" data-id=\"9f7273d\" data-element_type=\"column\">\n\t\t\t<div class=\"elementor-column-wrap elementor-element-populated\">\n\t\t\t\t\t\t\t<div class=\"elementor-widget-wrap\">\n\t\t\t\t\t\t<div class=\"elementor-element elementor-element-0f8a7f7 elementor-widget elementor-widget-pdf_viewer\" data-id=\"0f8a7f7\" data-element_type=\"widget\" data-widget_type=\"pdf_viewer.default\">\n\t\t\t\t<div class=\"elementor-widget-container\">\n\t\t\t<iframe src=\"https:\/\/docs.google.com\/viewer?url=https:\/\/federec-partenaires.com\/wp-content\/uploads\/2022\/04\/Presentation-generale-RED-2022.pdf&amp;embedded=true\" style=\"display: block; margin-left: auto; margin-right: auto; width: 640px; height: 1020px;\" frameborder=\"1\" marginheight=\"0px\" marginwidth=\"0px\" allowfullscreen><\/iframe>\t\t<\/div>\n\t\t\t\t<\/div>\n\t\t\t\t\t\t<\/div>\n\t\t\t\t\t<\/div>\n\t\t<\/div>\n\t\t\t\t\t\t\t\t<\/div>\n\t\t\t\t\t<\/div>\n\t\t<\/section>\n\t\t\t\t\t\t\t\t\t<\/div>\n\t\t\t<\/div>\n\t\t\t\t\t<\/div>\n\t\t","protected":false},"excerpt":{"rendered":"<p>KOOI Security France assure trois activit\u00e9s : L&rsquo;UFO (United for observation) : cette solution temporaire de vid\u00e9osurveillance permet une d\u00e9tection pr\u00e9coce \u00a0des intrus sur site par analyse d&rsquo;images. Nous nous adaptons \u00e0 tout type de chantiers. Le RED (Rising Early Detection) : cette solution nous permet de lutter efficacement et de mani\u00e8re proactive contre les [&hellip;]<\/p>\n","protected":false},"author":1,"featured_media":0,"parent":0,"menu_order":0,"comment_status":"closed","ping_status":"closed","template":"","meta":{"_lmt_disableupdate":"no","_lmt_disable":"","footnotes":""},"class_list":["post-2550","page","type-page","status-publish","hentry"],"_links":{"self":[{"href":"https:\/\/federec-partenaires.com\/index.php\/wp-json\/wp\/v2\/pages\/2550","targetHints":{"allow":["GET"]}}],"collection":[{"href":"https:\/\/federec-partenaires.com\/index.php\/wp-json\/wp\/v2\/pages"}],"about":[{"href":"https:\/\/federec-partenaires.com\/index.php\/wp-json\/wp\/v2\/types\/page"}],"author":[{"embeddable":true,"href":"https:\/\/federec-partenaires.com\/index.php\/wp-json\/wp\/v2\/users\/1"}],"replies":[{"embeddable":true,"href":"https:\/\/federec-partenaires.com\/index.php\/wp-json\/wp\/v2\/comments?post=2550"}],"version-history":[{"count":11,"href":"https:\/\/federec-partenaires.com\/index.php\/wp-json\/wp\/v2\/pages\/2550\/revisions"}],"predecessor-version":[{"id":2565,"href":"https:\/\/federec-partenaires.com\/index.php\/wp-json\/wp\/v2\/pages\/2550\/revisions\/2565"}],"wp:attachment":[{"href":"https:\/\/federec-partenaires.com\/index.php\/wp-json\/wp\/v2\/media?parent=2550"}],"curies":[{"name":"wp","href":"https:\/\/api.w.org\/{rel}","templated":true}]}}