{"id":1635,"date":"2021-07-06T14:05:59","date_gmt":"2021-07-06T12:05:59","guid":{"rendered":"https:\/\/federec-partenaires.com\/?page_id=1635"},"modified":"2022-03-31T16:27:37","modified_gmt":"2022-03-31T14:27:37","slug":"etia","status":"publish","type":"page","link":"https:\/\/federec-partenaires.com\/index.php\/etia\/","title":{"rendered":"Etia"},"content":{"rendered":"\t\t<div data-elementor-type=\"wp-page\" data-elementor-id=\"1635\" class=\"elementor elementor-1635\">\n\t\t\t\t\t\t<div class=\"elementor-inner\">\n\t\t\t\t<div class=\"elementor-section-wrap\">\n\t\t\t\t\t\t\t\t\t<section class=\"elementor-section elementor-top-section elementor-element elementor-element-146f593 elementor-section-boxed elementor-section-height-default elementor-section-height-default\" data-id=\"146f593\" data-element_type=\"section\">\n\t\t\t\t\t\t<div class=\"elementor-container elementor-column-gap-default\">\n\t\t\t\t\t\t\t<div class=\"elementor-row\">\n\t\t\t\t\t<div class=\"elementor-column elementor-col-100 elementor-top-column elementor-element elementor-element-a66f32e\" data-id=\"a66f32e\" data-element_type=\"column\">\n\t\t\t<div class=\"elementor-column-wrap elementor-element-populated\">\n\t\t\t\t\t\t\t<div class=\"elementor-widget-wrap\">\n\t\t\t\t\t\t<div class=\"elementor-element elementor-element-9202a44 elementor-widget elementor-widget-spacer\" data-id=\"9202a44\" data-element_type=\"widget\" data-widget_type=\"spacer.default\">\n\t\t\t\t<div class=\"elementor-widget-container\">\n\t\t\t\t\t<div class=\"elementor-spacer\">\n\t\t\t<div class=\"elementor-spacer-inner\"><\/div>\n\t\t<\/div>\n\t\t\t\t<\/div>\n\t\t\t\t<\/div>\n\t\t\t\t\t\t<\/div>\n\t\t\t\t\t<\/div>\n\t\t<\/div>\n\t\t\t\t\t\t\t\t<\/div>\n\t\t\t\t\t<\/div>\n\t\t<\/section>\n\t\t\t\t<section class=\"elementor-section elementor-top-section elementor-element elementor-element-6b9ed28 elementor-section-boxed elementor-section-height-default elementor-section-height-default\" data-id=\"6b9ed28\" data-element_type=\"section\">\n\t\t\t\t\t\t<div class=\"elementor-container elementor-column-gap-default\">\n\t\t\t\t\t\t\t<div class=\"elementor-row\">\n\t\t\t\t\t<div class=\"elementor-column elementor-col-50 elementor-top-column elementor-element elementor-element-da96ae4\" data-id=\"da96ae4\" data-element_type=\"column\">\n\t\t\t<div class=\"elementor-column-wrap elementor-element-populated\">\n\t\t\t\t\t\t\t<div class=\"elementor-widget-wrap\">\n\t\t\t\t\t\t<div class=\"elementor-element elementor-element-5ac4222 elementor-widget elementor-widget-image\" data-id=\"5ac4222\" data-element_type=\"widget\" data-widget_type=\"image.default\">\n\t\t\t\t<div class=\"elementor-widget-container\">\n\t\t\t\t\t\t\t\t<div class=\"elementor-image\">\n\t\t\t\t\t\t\t\t\t\t\t\t\t<a href=\"https:\/\/etia-group.com\/\">\n\t\t\t\t\t\t\t<img loading=\"lazy\" decoding=\"async\" width=\"177\" height=\"150\" src=\"https:\/\/federec-partenaires.com\/wp-content\/uploads\/2021\/07\/logo_ETIA-ecotechnologies.jpeg\" class=\"attachment-large size-large wp-image-1637\" alt=\"\" \/>\t\t\t\t\t\t\t\t<\/a>\n\t\t\t\t\t\t\t\t\t\t\t\t\t\t<\/div>\n\t\t\t\t\t\t<\/div>\n\t\t\t\t<\/div>\n\t\t\t\t<div class=\"elementor-element elementor-element-c42e3fd elementor-widget elementor-widget-text-editor\" data-id=\"c42e3fd\" data-element_type=\"widget\" data-widget_type=\"text-editor.default\">\n\t\t\t\t<div class=\"elementor-widget-container\">\n\t\t\t\t\t\t\t\t<div class=\"elementor-text-editor elementor-clearfix\">\n\t\t\t\t<div style=\"outline: none; color: #453f3a; font-family: 'Helvetica Neue', Helvetica, Arial, sans-serif; background-color: #ffffff;\"><div style=\"outline: none; line-height: 1.5;\"><p style=\"outline: none; margin: 1em 0px; line-height: 1.5;\"><span style=\"outline: none; font-weight: bold; line-height: 1.5;\">Etia, le \u00ab\u00a0G\u00e9o Trouve-Tout\u00a0\u00bb au service de l\u2019industrie<\/span><\/p><\/div><\/div><div style=\"outline: none; color: #453f3a; font-family: 'Helvetica Neue', Helvetica, Arial, sans-serif; background-color: #ffffff;\"><div style=\"outline: none; line-height: 1.5;\"><p style=\"outline: none; margin: 1em 0px; line-height: 1.5;\">L\u2019industrie agroalimentaire peut tout lui demander\u00a0: s\u00e9chage,\u00a0 refroidissement,\u00a0 st\u00e9rilisation \u00e0 la vapeur,\u00a0 pasteurisation, extraction, toastage, cuisson mais aussi torr\u00e9faction, pyrolyse, gaz\u00e9ification, traitement \u00e0 l\u2019ozone\u2026 Etia s\u2019occupe de tout\u00a0!<\/p><p style=\"outline: none; margin: 1em 0px; line-height: 1.5;\">Cette soci\u00e9t\u00e9, cr\u00e9\u00e9e en 1989 par les docteurs Olivier Lepez et Philippe Sajet, est sp\u00e9cialis\u00e9e dans l&rsquo;innovation, l&rsquo;ing\u00e9nierie et les proc\u00e9d\u00e9s innovants pour l\u2019industrie.<\/p><p style=\"outline: none; margin: 1em 0px; line-height: 1.5;\">Etia regroupe quatre marques d\u2019excellence\u00a0:\u00a0<i style=\"outline: none; line-height: 1.5;\">Safesteril<\/i>, pour le traitement thermique des produits alimentaires.\u00a0<i style=\"outline: none; line-height: 1.5;\">Ozosteril,<\/i>\u00a0pour le traitement \u00e0 l&rsquo;ozone des denr\u00e9es alimentaires s\u00e8ches et humides.\u00a0<i style=\"outline: none; line-height: 1.5;\">Biogreen<\/i>, une plateforme de conversion thermochimique. Et\u00a0<i style=\"outline: none; line-height: 1.5;\">Noxima<\/i>, une filiale d\u00e9di\u00e9e\u00a0au d\u00e9veloppement et \u00e0 la fabrication de produits agrochimiques et de fertilisants naturels. Innovation, solutions durables et fiabilit\u00e9. Voil\u00e0 les valeurs fondamentales port\u00e9es par Etia. Des valeurs issues d&rsquo;une recherche continue et pouss\u00e9e.<\/p><\/div><\/div><p>\u00a0<\/p>\t\t\t\t\t<\/div>\n\t\t\t\t\t\t<\/div>\n\t\t\t\t<\/div>\n\t\t\t\t<div class=\"elementor-element elementor-element-7d0d723 elementor-widget elementor-widget-heading\" data-id=\"7d0d723\" data-element_type=\"widget\" data-widget_type=\"heading.default\">\n\t\t\t\t<div class=\"elementor-widget-container\">\n\t\t\t<h2 class=\"elementor-heading-title elementor-size-default\">Plus d'informations<\/h2>\t\t<\/div>\n\t\t\t\t<\/div>\n\t\t\t\t<div class=\"elementor-element elementor-element-2f22dfd elementor-widget elementor-widget-text-editor\" data-id=\"2f22dfd\" data-element_type=\"widget\" data-widget_type=\"text-editor.default\">\n\t\t\t\t<div class=\"elementor-widget-container\">\n\t\t\t\t\t\t\t\t<div class=\"elementor-text-editor elementor-clearfix\">\n\t\t\t\t<p style=\"text-align: center;\">Plus d&rsquo;informations : <a href=\"https:\/\/www.ascodero.fr\">https:\/\/www.ascodero.fr<\/a><\/p><p style=\"text-align: center;\"><strong style=\"text-decoration: underline; color: var( --e-global-color-text ); font-family: var( --e-global-typography-text-font-family ), Sans-serif; font-size: 1rem; background-color: rgba(255, 255, 255, 0);\">Contact :\u00a0<\/strong><\/p><p>Charles LESTOQUOY<\/p><p style=\"text-align: center;\">Mail :\u00a0<a title=\"mailto:clestoquoy@ascodero.com\" contenteditable=\"false\" href=\"mailto:clestoquoy@ascodero.com\">clestoquoy@ascodero.com<\/a><\/p><p>T\u00e9l\u00e9phone : 03 22 76 76 76<\/p><p style=\"text-align: center;\">Portable : 06 32 18 49 96<\/p>\t\t\t\t\t<\/div>\n\t\t\t\t\t\t<\/div>\n\t\t\t\t<\/div>\n\t\t\t\t<div class=\"elementor-element elementor-element-3b58d6d elementor-shape-rounded elementor-grid-0 e-grid-align-center elementor-widget elementor-widget-social-icons\" data-id=\"3b58d6d\" data-element_type=\"widget\" data-widget_type=\"social-icons.default\">\n\t\t\t\t<div class=\"elementor-widget-container\">\n\t\t\t\t\t<div class=\"elementor-social-icons-wrapper elementor-grid\">\n\t\t\t\t\t\t\t<span class=\"elementor-grid-item\">\n\t\t\t\t\t<a class=\"elementor-icon elementor-social-icon elementor-social-icon-facebook elementor-repeater-item-b72ffd2\" href=\"https:\/\/www.facebook.com\/ascodero.productique\/\" target=\"_blank\">\n\t\t\t\t\t\t<span class=\"elementor-screen-only\">Facebook<\/span>\n\t\t\t\t\t\t<i class=\"fab fa-facebook\"><\/i>\t\t\t\t\t<\/a>\n\t\t\t\t<\/span>\n\t\t\t\t\t<\/div>\n\t\t\t\t<\/div>\n\t\t\t\t<\/div>\n\t\t\t\t\t\t<\/div>\n\t\t\t\t\t<\/div>\n\t\t<\/div>\n\t\t\t\t<div class=\"elementor-column elementor-col-50 elementor-top-column elementor-element elementor-element-11a48b7\" data-id=\"11a48b7\" data-element_type=\"column\">\n\t\t\t<div class=\"elementor-column-wrap elementor-element-populated\">\n\t\t\t\t\t\t\t<div class=\"elementor-widget-wrap\">\n\t\t\t\t\t\t<div class=\"elementor-element elementor-element-4a65115 elementor-arrows-position-inside elementor-widget elementor-widget-image-carousel\" data-id=\"4a65115\" data-element_type=\"widget\" data-settings=\"{&quot;slides_to_show&quot;:&quot;1&quot;,&quot;navigation&quot;:&quot;arrows&quot;,&quot;autoplay&quot;:&quot;yes&quot;,&quot;pause_on_hover&quot;:&quot;yes&quot;,&quot;pause_on_interaction&quot;:&quot;yes&quot;,&quot;autoplay_speed&quot;:5000,&quot;infinite&quot;:&quot;yes&quot;,&quot;effect&quot;:&quot;slide&quot;,&quot;speed&quot;:500}\" data-widget_type=\"image-carousel.default\">\n\t\t\t\t<div class=\"elementor-widget-container\">\n\t\t\t\t\t<div class=\"elementor-image-carousel-wrapper swiper-container\" dir=\"ltr\">\n\t\t\t<div class=\"elementor-image-carousel swiper-wrapper swiper-image-stretch\">\n\t\t\t\t\t\t\t\t<div class=\"swiper-slide\"><figure class=\"swiper-slide-inner\"><img decoding=\"async\" class=\"swiper-slide-image\" src=\"https:\/\/federec-partenaires.com\/wp-content\/uploads\/2021\/07\/ETIA-Biogreen-768x574.jpeg\" alt=\"ETIA-Biogreen\" \/><\/figure><\/div>\t\t\t<\/div>\n\t\t\t\t\t<\/div>\n\t\t\t\t<\/div>\n\t\t\t\t<\/div>\n\t\t\t\t\t\t<\/div>\n\t\t\t\t\t<\/div>\n\t\t<\/div>\n\t\t\t\t\t\t\t\t<\/div>\n\t\t\t\t\t<\/div>\n\t\t<\/section>\n\t\t\t\t\t\t\t\t\t<\/div>\n\t\t\t<\/div>\n\t\t\t\t\t<\/div>\n\t\t","protected":false},"excerpt":{"rendered":"<p>Etia, le \u00ab\u00a0G\u00e9o Trouve-Tout\u00a0\u00bb au service de l\u2019industrie L\u2019industrie agroalimentaire peut tout lui demander\u00a0: s\u00e9chage,\u00a0 refroidissement,\u00a0 st\u00e9rilisation \u00e0 la vapeur,\u00a0 pasteurisation, extraction, toastage, cuisson mais aussi torr\u00e9faction, pyrolyse, gaz\u00e9ification, traitement \u00e0 l\u2019ozone\u2026 Etia s\u2019occupe de tout\u00a0! Cette soci\u00e9t\u00e9, cr\u00e9\u00e9e en 1989 par les docteurs Olivier Lepez et Philippe Sajet, est sp\u00e9cialis\u00e9e dans l&rsquo;innovation, l&rsquo;ing\u00e9nierie et [&hellip;]<\/p>\n","protected":false},"author":1,"featured_media":0,"parent":0,"menu_order":0,"comment_status":"closed","ping_status":"closed","template":"","meta":{"_lmt_disableupdate":"no","_lmt_disable":"","footnotes":""},"class_list":["post-1635","page","type-page","status-publish","hentry"],"_links":{"self":[{"href":"https:\/\/federec-partenaires.com\/index.php\/wp-json\/wp\/v2\/pages\/1635","targetHints":{"allow":["GET"]}}],"collection":[{"href":"https:\/\/federec-partenaires.com\/index.php\/wp-json\/wp\/v2\/pages"}],"about":[{"href":"https:\/\/federec-partenaires.com\/index.php\/wp-json\/wp\/v2\/types\/page"}],"author":[{"embeddable":true,"href":"https:\/\/federec-partenaires.com\/index.php\/wp-json\/wp\/v2\/users\/1"}],"replies":[{"embeddable":true,"href":"https:\/\/federec-partenaires.com\/index.php\/wp-json\/wp\/v2\/comments?post=1635"}],"version-history":[{"count":22,"href":"https:\/\/federec-partenaires.com\/index.php\/wp-json\/wp\/v2\/pages\/1635\/revisions"}],"predecessor-version":[{"id":2526,"href":"https:\/\/federec-partenaires.com\/index.php\/wp-json\/wp\/v2\/pages\/1635\/revisions\/2526"}],"wp:attachment":[{"href":"https:\/\/federec-partenaires.com\/index.php\/wp-json\/wp\/v2\/media?parent=1635"}],"curies":[{"name":"wp","href":"https:\/\/api.w.org\/{rel}","templated":true}]}}