{"id":1444,"date":"2021-02-16T17:27:06","date_gmt":"2021-02-16T16:27:06","guid":{"rendered":"https:\/\/federec-partenaires.com\/?page_id=1444"},"modified":"2022-02-02T16:51:25","modified_gmt":"2022-02-02T15:51:25","slug":"bois-energie-france","status":"publish","type":"page","link":"https:\/\/federec-partenaires.com\/index.php\/bois-energie-france\/","title":{"rendered":"Bois Energie France"},"content":{"rendered":"\t\t<div data-elementor-type=\"wp-page\" data-elementor-id=\"1444\" class=\"elementor elementor-1444\">\n\t\t\t\t\t\t<div class=\"elementor-inner\">\n\t\t\t\t<div class=\"elementor-section-wrap\">\n\t\t\t\t\t\t\t\t\t<section class=\"elementor-section elementor-top-section elementor-element elementor-element-146f593 elementor-section-boxed elementor-section-height-default elementor-section-height-default\" data-id=\"146f593\" data-element_type=\"section\">\n\t\t\t\t\t\t<div class=\"elementor-container elementor-column-gap-default\">\n\t\t\t\t\t\t\t<div class=\"elementor-row\">\n\t\t\t\t\t<div class=\"elementor-column elementor-col-100 elementor-top-column elementor-element elementor-element-a66f32e\" data-id=\"a66f32e\" data-element_type=\"column\">\n\t\t\t<div class=\"elementor-column-wrap elementor-element-populated\">\n\t\t\t\t\t\t\t<div class=\"elementor-widget-wrap\">\n\t\t\t\t\t\t<div class=\"elementor-element elementor-element-9202a44 elementor-widget elementor-widget-spacer\" data-id=\"9202a44\" data-element_type=\"widget\" data-widget_type=\"spacer.default\">\n\t\t\t\t<div class=\"elementor-widget-container\">\n\t\t\t\t\t<div class=\"elementor-spacer\">\n\t\t\t<div class=\"elementor-spacer-inner\"><\/div>\n\t\t<\/div>\n\t\t\t\t<\/div>\n\t\t\t\t<\/div>\n\t\t\t\t\t\t<\/div>\n\t\t\t\t\t<\/div>\n\t\t<\/div>\n\t\t\t\t\t\t\t\t<\/div>\n\t\t\t\t\t<\/div>\n\t\t<\/section>\n\t\t\t\t<section class=\"elementor-section elementor-top-section elementor-element elementor-element-6b9ed28 elementor-section-boxed elementor-section-height-default elementor-section-height-default\" data-id=\"6b9ed28\" data-element_type=\"section\">\n\t\t\t\t\t\t<div class=\"elementor-container elementor-column-gap-default\">\n\t\t\t\t\t\t\t<div class=\"elementor-row\">\n\t\t\t\t\t<div class=\"elementor-column elementor-col-50 elementor-top-column elementor-element elementor-element-da96ae4\" data-id=\"da96ae4\" data-element_type=\"column\">\n\t\t\t<div class=\"elementor-column-wrap elementor-element-populated\">\n\t\t\t\t\t\t\t<div class=\"elementor-widget-wrap\">\n\t\t\t\t\t\t<div class=\"elementor-element elementor-element-5ac4222 elementor-widget elementor-widget-image\" data-id=\"5ac4222\" data-element_type=\"widget\" data-widget_type=\"image.default\">\n\t\t\t\t<div class=\"elementor-widget-container\">\n\t\t\t\t\t\t\t\t<div class=\"elementor-image\">\n\t\t\t\t\t\t\t\t\t\t\t\t<img loading=\"lazy\" decoding=\"async\" width=\"556\" height=\"87\" src=\"https:\/\/federec-partenaires.com\/wp-content\/uploads\/2021\/02\/Logo-BOIS-ENERGIE-FRANCE.png\" class=\"attachment-1536x1536 size-1536x1536 wp-image-1446\" alt=\"\" srcset=\"https:\/\/federec-partenaires.com\/wp-content\/uploads\/2021\/02\/Logo-BOIS-ENERGIE-FRANCE.png 556w, https:\/\/federec-partenaires.com\/wp-content\/uploads\/2021\/02\/Logo-BOIS-ENERGIE-FRANCE-300x47.png 300w\" sizes=\"auto, (max-width: 556px) 100vw, 556px\" \/>\t\t\t\t\t\t\t\t\t\t\t\t\t\t<\/div>\n\t\t\t\t\t\t<\/div>\n\t\t\t\t<\/div>\n\t\t\t\t<div class=\"elementor-element elementor-element-c6fce2f elementor-widget elementor-widget-text-editor\" data-id=\"c6fce2f\" data-element_type=\"widget\" data-widget_type=\"text-editor.default\">\n\t\t\t\t<div class=\"elementor-widget-container\">\n\t\t\t\t\t\t\t\t<div class=\"elementor-text-editor elementor-clearfix\">\n\t\t\t\t<p>Bois Energie France : Filiale de Dalkia Groupe EDF.<\/p><p>Plus de 10 ans d&rsquo;exp\u00e9rience sur l&rsquo;approvisionnement de 510 installations thermiques et de cog\u00e9n\u00e9ration exploit\u00e9es par DALKIA\u00a0<\/p><ul><li>2 100 000 tonnes par an pour plus de 5 TWh, pour environ 100 000 livraisons par an<\/li><\/ul><p>Les principales missions de Bois Energies France :\u00a0<\/p><ul><li>Accompagner : Construire les plans d&rsquo;approvisionnement pour Dalkia et ses clients<\/li><li>Acheter : Maitriser les prix du combustible et de la valorisation des cendres<\/li><li>S&rsquo;engager : Contractualiser dans la dur\u00e9e avec nos fournisseurs et d\u00e9velopper des partenariats<\/li><li>Qualit\u00e9 : Respecter les sp\u00e9cificit\u00e9s de chaque chaufferie et satisfaire nos clients<\/li><li>D\u00e9lai : Organiser la logistique et \u00eatre r\u00e9actif<\/li><li>S\u00e9curit\u00e9 : Disponibilit\u00e9 op\u00e9rationnelle et environnement de travail<\/li><\/ul><p style=\"text-align: center;\">\u00a0<\/p>\t\t\t\t\t<\/div>\n\t\t\t\t\t\t<\/div>\n\t\t\t\t<\/div>\n\t\t\t\t<div class=\"elementor-element elementor-element-05aaf37 elementor-widget elementor-widget-heading\" data-id=\"05aaf37\" data-element_type=\"widget\" data-widget_type=\"heading.default\">\n\t\t\t\t<div class=\"elementor-widget-container\">\n\t\t\t<h2 class=\"elementor-heading-title elementor-size-default\">Plus d'informations<\/h2>\t\t<\/div>\n\t\t\t\t<\/div>\n\t\t\t\t<div class=\"elementor-element elementor-element-7cb7e65 elementor-widget elementor-widget-text-editor\" data-id=\"7cb7e65\" data-element_type=\"widget\" data-widget_type=\"text-editor.default\">\n\t\t\t\t<div class=\"elementor-widget-container\">\n\t\t\t\t\t\t\t\t<div class=\"elementor-text-editor elementor-clearfix\">\n\t\t\t\t<p style=\"text-align: center;\">Site Internet :\u00a0<a href=\"https:\/\/www.bois-energie-france.fr\/\">www.bois-energie-france.fr<\/a><\/p><p style=\"text-align: center;\"><b><span style=\"text-decoration: underline;\">Contact<\/span> <\/b>:\u00a0<\/p><p style=\"text-align: center;\">Lise\u00a0LAMBERT\u00a0<br \/><em>Responsable de la fili\u00e8re Bois B et CSR \u2013\u00a0Direction Appro Biomasse\u00a0<\/em><\/p><p style=\"text-align: center;\">Mail :<a href=\"mailto:lise.lambert@dalkia.fr\"> lise.lambert@dalkia.fr<\/a><\/p><p style=\"text-align: center;\">T\u00e9l\u00e9phone : 02 47 21 24 06<\/p><p style=\"text-align: center;\">Mobile : 07 61 68 50 99<\/p><p>\u00a0<\/p>\t\t\t\t\t<\/div>\n\t\t\t\t\t\t<\/div>\n\t\t\t\t<\/div>\n\t\t\t\t\t\t<\/div>\n\t\t\t\t\t<\/div>\n\t\t<\/div>\n\t\t\t\t<div class=\"elementor-column elementor-col-50 elementor-top-column elementor-element elementor-element-11a48b7\" data-id=\"11a48b7\" data-element_type=\"column\">\n\t\t\t<div class=\"elementor-column-wrap elementor-element-populated\">\n\t\t\t\t\t\t\t<div class=\"elementor-widget-wrap\">\n\t\t\t\t\t\t\t\t<\/div>\n\t\t\t\t\t<\/div>\n\t\t<\/div>\n\t\t\t\t\t\t\t\t<\/div>\n\t\t\t\t\t<\/div>\n\t\t<\/section>\n\t\t\t\t\t\t\t\t\t<\/div>\n\t\t\t<\/div>\n\t\t\t\t\t<\/div>\n\t\t","protected":false},"excerpt":{"rendered":"<p>Bois Energie France : Filiale de Dalkia Groupe EDF. Plus de 10 ans d&rsquo;exp\u00e9rience sur l&rsquo;approvisionnement de 510 installations thermiques et de cog\u00e9n\u00e9ration exploit\u00e9es par DALKIA\u00a0 2 100 000 tonnes par an pour plus de 5 TWh, pour environ 100 000 livraisons par an Les principales missions de Bois Energies France :\u00a0 Accompagner : Construire [&hellip;]<\/p>\n","protected":false},"author":1,"featured_media":0,"parent":0,"menu_order":0,"comment_status":"closed","ping_status":"closed","template":"","meta":{"_lmt_disableupdate":"no","_lmt_disable":"","footnotes":""},"class_list":["post-1444","page","type-page","status-publish","hentry"],"_links":{"self":[{"href":"https:\/\/federec-partenaires.com\/index.php\/wp-json\/wp\/v2\/pages\/1444","targetHints":{"allow":["GET"]}}],"collection":[{"href":"https:\/\/federec-partenaires.com\/index.php\/wp-json\/wp\/v2\/pages"}],"about":[{"href":"https:\/\/federec-partenaires.com\/index.php\/wp-json\/wp\/v2\/types\/page"}],"author":[{"embeddable":true,"href":"https:\/\/federec-partenaires.com\/index.php\/wp-json\/wp\/v2\/users\/1"}],"replies":[{"embeddable":true,"href":"https:\/\/federec-partenaires.com\/index.php\/wp-json\/wp\/v2\/comments?post=1444"}],"version-history":[{"count":8,"href":"https:\/\/federec-partenaires.com\/index.php\/wp-json\/wp\/v2\/pages\/1444\/revisions"}],"predecessor-version":[{"id":2113,"href":"https:\/\/federec-partenaires.com\/index.php\/wp-json\/wp\/v2\/pages\/1444\/revisions\/2113"}],"wp:attachment":[{"href":"https:\/\/federec-partenaires.com\/index.php\/wp-json\/wp\/v2\/media?parent=1444"}],"curies":[{"name":"wp","href":"https:\/\/api.w.org\/{rel}","templated":true}]}}