{"id":1361,"date":"2021-01-06T15:58:24","date_gmt":"2021-01-06T14:58:24","guid":{"rendered":"https:\/\/federec-partenaires.com\/?page_id=1361"},"modified":"2024-04-02T11:36:21","modified_gmt":"2024-04-02T09:36:21","slug":"arkea","status":"publish","type":"page","link":"https:\/\/federec-partenaires.com\/index.php\/arkea\/","title":{"rendered":"Arkea Banque Entreprises et Institutionnels"},"content":{"rendered":"\t\t<div data-elementor-type=\"wp-page\" data-elementor-id=\"1361\" class=\"elementor elementor-1361\">\n\t\t\t\t\t\t<div class=\"elementor-inner\">\n\t\t\t\t<div class=\"elementor-section-wrap\">\n\t\t\t\t\t\t\t\t\t<section class=\"elementor-section elementor-top-section elementor-element elementor-element-146f593 elementor-section-boxed elementor-section-height-default elementor-section-height-default\" data-id=\"146f593\" data-element_type=\"section\">\n\t\t\t\t\t\t<div class=\"elementor-container elementor-column-gap-default\">\n\t\t\t\t\t\t\t<div class=\"elementor-row\">\n\t\t\t\t\t<div class=\"elementor-column elementor-col-100 elementor-top-column elementor-element elementor-element-a66f32e\" data-id=\"a66f32e\" data-element_type=\"column\">\n\t\t\t<div class=\"elementor-column-wrap elementor-element-populated\">\n\t\t\t\t\t\t\t<div class=\"elementor-widget-wrap\">\n\t\t\t\t\t\t<div class=\"elementor-element elementor-element-5ac4222 elementor-widget elementor-widget-image\" data-id=\"5ac4222\" data-element_type=\"widget\" data-widget_type=\"image.default\">\n\t\t\t\t<div class=\"elementor-widget-container\">\n\t\t\t\t\t\t\t\t<div class=\"elementor-image\">\n\t\t\t\t\t\t\t\t\t\t\t\t\t<a href=\"https:\/\/site.arkea-banque-ei.com\/\">\n\t\t\t\t\t\t\t<img loading=\"lazy\" decoding=\"async\" width=\"298\" height=\"59\" src=\"https:\/\/federec-partenaires.com\/wp-content\/uploads\/2021\/02\/Arke\u0301a-Banque-EI.png\" class=\"attachment-full size-full wp-image-1406\" alt=\"\" \/>\t\t\t\t\t\t\t\t<\/a>\n\t\t\t\t\t\t\t\t\t\t\t\t\t\t<\/div>\n\t\t\t\t\t\t<\/div>\n\t\t\t\t<\/div>\n\t\t\t\t\t\t<\/div>\n\t\t\t\t\t<\/div>\n\t\t<\/div>\n\t\t\t\t\t\t\t\t<\/div>\n\t\t\t\t\t<\/div>\n\t\t<\/section>\n\t\t\t\t<section class=\"elementor-section elementor-top-section elementor-element elementor-element-6b9ed28 elementor-section-boxed elementor-section-height-default elementor-section-height-default\" data-id=\"6b9ed28\" data-element_type=\"section\">\n\t\t\t\t\t\t<div class=\"elementor-container elementor-column-gap-default\">\n\t\t\t\t\t\t\t<div class=\"elementor-row\">\n\t\t\t\t\t<div class=\"elementor-column elementor-col-50 elementor-top-column elementor-element elementor-element-da96ae4\" data-id=\"da96ae4\" data-element_type=\"column\">\n\t\t\t<div class=\"elementor-column-wrap elementor-element-populated\">\n\t\t\t\t\t\t\t<div class=\"elementor-widget-wrap\">\n\t\t\t\t\t\t<div class=\"elementor-element elementor-element-c6fce2f elementor-widget elementor-widget-text-editor\" data-id=\"c6fce2f\" data-element_type=\"widget\" data-widget_type=\"text-editor.default\">\n\t\t\t\t<div class=\"elementor-widget-container\">\n\t\t\t\t\t\t\t\t<div class=\"elementor-text-editor elementor-clearfix\">\n\t\t\t\t<h3>Un K \u00e0 part dans le monde de la banque<\/h3><p>Ark\u00e9a Banque Entreprises et Institutionnels est une filiale du Cr\u00e9dit Mutuel Ark\u00e9a dont le si\u00e8ge est situ\u00e9 en r\u00e9gion Bretagne. Nos \u00e9quipes se consacrent \u00e0 trois march\u00e9s : les entreprises de plus de 30 M\u20ac de chiffre d\u2019affaires, les institutionnels (collectivit\u00e9s territoriales et organismes publics) et les acteurs de l\u2019immobilier. Aujourd\u2019hui, pr\u00e8s de 15 000 clients nous font confiance. Avec eux, nos 21 implantations soutiennent l\u2019attractivit\u00e9 des territoires et le <em>Made in France<\/em>, encouragent l\u2019innovation et la RSE. Face aux enjeux \u00e9conomiques et sociaux d&rsquo;un monde ultra connect\u00e9, en mutation permanente, nous croyons \u00e0 la coop\u00e9ration des talents comme force motrice des territoires.\u00a0<\/p><p><strong>Une nouvelle offre pour votre strat\u00e9gie ESG<\/strong><\/p><p>C\u2019est pourquoi La banque a mis en place un dispositif global ESG au sein duquel elle propose sa gamme \u00ab\u00a0transition\u00a0\u00bb. Cette nouvelle offre a pour objectif de soutenir votre performance extra-financi\u00e8re et de vous accompagner dans le d\u00e9veloppement de votre strat\u00e9gie ESG autour de quatre axes prioritaires : la transition \u00e9nerg\u00e9tique et climatique, la sobri\u00e9t\u00e9 de votre mod\u00e8le d\u2019affaires, l\u2019inclusion sociale, la vitalit\u00e9 et la r\u00e9silience de votre territoire. Pour en savoir plus \ud83d\udc49\u00a0<\/p>\t\t\t\t\t<\/div>\n\t\t\t\t\t\t<\/div>\n\t\t\t\t<\/div>\n\t\t\t\t<div class=\"elementor-element elementor-element-e0695af elementor-widget elementor-widget-heading\" data-id=\"e0695af\" data-element_type=\"widget\" data-widget_type=\"heading.default\">\n\t\t\t\t<div class=\"elementor-widget-container\">\n\t\t\t<h2 class=\"elementor-heading-title elementor-size-default\">Plus d'informations<\/h2>\t\t<\/div>\n\t\t\t\t<\/div>\n\t\t\t\t<div class=\"elementor-element elementor-element-2b117ec elementor-widget elementor-widget-text-editor\" data-id=\"2b117ec\" data-element_type=\"widget\" data-widget_type=\"text-editor.default\">\n\t\t\t\t<div class=\"elementor-widget-container\">\n\t\t\t\t\t\t\t\t<div class=\"elementor-text-editor elementor-clearfix\">\n\t\t\t\t<p style=\"text-align: center;\"><em>Site Internet : <a href=\"http:\/\/arkea-banque-ei.com\/\">arkea-banque-ei.com<\/a><\/em><\/p><p style=\"text-align: center;\"><strong><u>Contact\u00a0:<\/u><\/strong><\/p><p style=\"text-align: center;\">MAXIME Jean<\/p><p style=\"text-align: center;\">E-mail : <a href=\"mailto:maxime.jean@arkea.com\">maxime.jean@arkea.com<\/a><\/p><p style=\"text-align: center;\">T\u00e8l : 03.28.36.76.81<\/p><p style=\"text-align: center;\">Port : 06.20.88.95.94<\/p>\t\t\t\t\t<\/div>\n\t\t\t\t\t\t<\/div>\n\t\t\t\t<\/div>\n\t\t\t\t<div class=\"elementor-element elementor-element-fe11500 elementor-shape-rounded elementor-grid-0 e-grid-align-center elementor-widget elementor-widget-social-icons\" data-id=\"fe11500\" data-element_type=\"widget\" data-widget_type=\"social-icons.default\">\n\t\t\t\t<div class=\"elementor-widget-container\">\n\t\t\t\t\t<div class=\"elementor-social-icons-wrapper elementor-grid\">\n\t\t\t\t\t\t\t<span class=\"elementor-grid-item\">\n\t\t\t\t\t<a class=\"elementor-icon elementor-social-icon elementor-social-icon-linkedin elementor-repeater-item-63ecdd1\" href=\"https:\/\/www.linkedin.com\/company\/ark\u00e9a-banque-d&#039;entreprises-et-institutionnels\/\" target=\"_blank\">\n\t\t\t\t\t\t<span class=\"elementor-screen-only\">Linkedin<\/span>\n\t\t\t\t\t\t<i class=\"fab fa-linkedin\"><\/i>\t\t\t\t\t<\/a>\n\t\t\t\t<\/span>\n\t\t\t\t\t<\/div>\n\t\t\t\t<\/div>\n\t\t\t\t<\/div>\n\t\t\t\t\t\t<\/div>\n\t\t\t\t\t<\/div>\n\t\t<\/div>\n\t\t\t\t<div class=\"elementor-column elementor-col-50 elementor-top-column elementor-element elementor-element-11a48b7 elementor-invisible\" data-id=\"11a48b7\" data-element_type=\"column\" data-settings=\"{&quot;animation&quot;:&quot;fadeInRight&quot;}\">\n\t\t\t<div class=\"elementor-column-wrap elementor-element-populated\">\n\t\t\t\t\t\t\t<div class=\"elementor-widget-wrap\">\n\t\t\t\t\t\t<div class=\"elementor-element elementor-element-f375682 elementor-widget elementor-widget-video\" data-id=\"f375682\" data-element_type=\"widget\" data-settings=\"{&quot;youtube_url&quot;:&quot;https:\\\/\\\/youtu.be\\\/eBwKJ8TrQKg?si=zrobDbbPOOeglhUg&quot;,&quot;autoplay&quot;:&quot;yes&quot;,&quot;play_on_mobile&quot;:&quot;yes&quot;,&quot;loop&quot;:&quot;yes&quot;,&quot;video_type&quot;:&quot;youtube&quot;,&quot;controls&quot;:&quot;yes&quot;}\" data-widget_type=\"video.default\">\n\t\t\t\t<div class=\"elementor-widget-container\">\n\t\t\t\t\t<div class=\"elementor-wrapper elementor-open-inline\">\n\t\t\t<div class=\"elementor-video\"><\/div>\t\t<\/div>\n\t\t\t\t<\/div>\n\t\t\t\t<\/div>\n\t\t\t\t\t\t<\/div>\n\t\t\t\t\t<\/div>\n\t\t<\/div>\n\t\t\t\t\t\t\t\t<\/div>\n\t\t\t\t\t<\/div>\n\t\t<\/section>\n\t\t\t\t\t\t\t\t\t<\/div>\n\t\t\t<\/div>\n\t\t\t\t\t<\/div>\n\t\t","protected":false},"excerpt":{"rendered":"<p>Un K \u00e0 part dans le monde de la banque Ark\u00e9a Banque Entreprises et Institutionnels est une filiale du Cr\u00e9dit Mutuel Ark\u00e9a dont le si\u00e8ge est situ\u00e9 en r\u00e9gion Bretagne. Nos \u00e9quipes se consacrent \u00e0 trois march\u00e9s : les entreprises de plus de 30 M\u20ac de chiffre d\u2019affaires, les institutionnels (collectivit\u00e9s territoriales et organismes publics) [&hellip;]<\/p>\n","protected":false},"author":1,"featured_media":0,"parent":0,"menu_order":0,"comment_status":"closed","ping_status":"closed","template":"","meta":{"_lmt_disableupdate":"no","_lmt_disable":"","footnotes":""},"class_list":["post-1361","page","type-page","status-publish","hentry"],"_links":{"self":[{"href":"https:\/\/federec-partenaires.com\/index.php\/wp-json\/wp\/v2\/pages\/1361","targetHints":{"allow":["GET"]}}],"collection":[{"href":"https:\/\/federec-partenaires.com\/index.php\/wp-json\/wp\/v2\/pages"}],"about":[{"href":"https:\/\/federec-partenaires.com\/index.php\/wp-json\/wp\/v2\/types\/page"}],"author":[{"embeddable":true,"href":"https:\/\/federec-partenaires.com\/index.php\/wp-json\/wp\/v2\/users\/1"}],"replies":[{"embeddable":true,"href":"https:\/\/federec-partenaires.com\/index.php\/wp-json\/wp\/v2\/comments?post=1361"}],"version-history":[{"count":29,"href":"https:\/\/federec-partenaires.com\/index.php\/wp-json\/wp\/v2\/pages\/1361\/revisions"}],"predecessor-version":[{"id":2956,"href":"https:\/\/federec-partenaires.com\/index.php\/wp-json\/wp\/v2\/pages\/1361\/revisions\/2956"}],"wp:attachment":[{"href":"https:\/\/federec-partenaires.com\/index.php\/wp-json\/wp\/v2\/media?parent=1361"}],"curies":[{"name":"wp","href":"https:\/\/api.w.org\/{rel}","templated":true}]}}